{"id":29707,"date":"2024-03-08T17:52:04","date_gmt":"2024-03-09T01:52:04","guid":{"rendered":"https:\/\/www.csipacific.ca\/?page_id=29707"},"modified":"2025-08-22T14:00:53","modified_gmt":"2025-08-22T21:00:53","slug":"flip-360","status":"publish","type":"page","link":"https:\/\/www.csipacific.ca\/fr\/sports-admissibilite\/flip-360\/","title":{"rendered":"Application Flip 360"},"content":{"rendered":"\t\t<div data-elementor-type=\"wp-page\" data-elementor-id=\"29707\" class=\"elementor elementor-29707 elementor-20969\">\n\t\t\t\t\t\t<section class=\"elementor-section elementor-top-section elementor-element elementor-element-d521bbc elementor-section-boxed elementor-section-height-default elementor-section-height-default\" data-id=\"d521bbc\" data-element_type=\"section\" data-e-type=\"section\">\n\t\t\t\t\t\t<div class=\"elementor-container elementor-column-gap-default\">\n\t\t\t\t\t<div class=\"elementor-column elementor-col-100 elementor-top-column elementor-element elementor-element-2c6f190\" data-id=\"2c6f190\" data-element_type=\"column\" data-e-type=\"column\">\n\t\t\t<div class=\"elementor-widget-wrap elementor-element-populated\">\n\t\t\t\t\t\t<section class=\"elementor-section elementor-inner-section elementor-element elementor-element-1a2e34e elementor-reverse-tablet elementor-reverse-mobile elementor-section-boxed elementor-section-height-default elementor-section-height-default\" data-id=\"1a2e34e\" data-element_type=\"section\" data-e-type=\"section\">\n\t\t\t\t\t\t<div class=\"elementor-container elementor-column-gap-default\">\n\t\t\t\t\t<div class=\"elementor-column elementor-col-50 elementor-inner-column elementor-element elementor-element-572053a\" data-id=\"572053a\" data-element_type=\"column\" data-e-type=\"column\">\n\t\t\t<div class=\"elementor-widget-wrap elementor-element-populated\">\n\t\t\t\t\t\t<div class=\"elementor-element elementor-element-9fa07fa elementor-widget elementor-widget-heading\" data-id=\"9fa07fa\" data-element_type=\"widget\" data-e-type=\"widget\" data-widget_type=\"heading.default\">\n\t\t\t\t<div class=\"elementor-widget-container\">\n\t\t\t\t\t<h2 class=\"elementor-heading-title elementor-size-default\">Le suivi de performance ultime<\/h2>\t\t\t\t<\/div>\n\t\t\t\t<\/div>\n\t\t\t\t<div class=\"elementor-element elementor-element-8bc2568 elementor-widget elementor-widget-text-editor\" data-id=\"8bc2568\" data-element_type=\"widget\" data-e-type=\"widget\" data-widget_type=\"text-editor.default\">\n\t\t\t\t<div class=\"elementor-widget-container\">\n\t\t\t\t\t\t\t\t\t<p>Flip360 est un traqueur de performance de pointe qui r\u00e9volutionne l\u2019analyse du mouvement en offrant un suivi en temps r\u00e9el et une analyse de donn\u00e9es compl\u00e8te. Cette innovation permet aux athl\u00e8tes d\u2019adapter leurs entra\u00eenements pour une efficacit\u00e9 et une s\u00e9curit\u00e9 maximales, red\u00e9finissant ainsi l\u2019avenir de la technologie sportive.<\/p>\t\t\t\t\t\t\t\t<\/div>\n\t\t\t\t<\/div>\n\t\t\t\t<div class=\"elementor-element elementor-element-aaf8c57 elementor-widget elementor-widget-image\" data-id=\"aaf8c57\" data-element_type=\"widget\" data-e-type=\"widget\" data-widget_type=\"image.default\">\n\t\t\t\t<div class=\"elementor-widget-container\">\n\t\t\t\t\t\t\t\t\t\t\t\t\t\t\t\t<a href=\"https:\/\/apps.apple.com\/ca\/app\/flip360\/id6478606955\" target=\"_blank\">\n\t\t\t\t\t\t\t<img decoding=\"async\" src=\"https:\/\/www.csipacific.ca\/wp-content\/uploads\/elementor\/thumbs\/Download_on_the_App_Store_Badge_FRCA_RGB_blk.svg_-rane6bx8h81p40uqvsha2riudaux9lqwqdyc7lmt3s.png\" title=\"Download_on_the_App_Store_Badge_FRCA_RGB_blk.svg\" alt=\"App Store Apple Francais\" loading=\"lazy\" \/>\t\t\t\t\t\t\t\t<\/a>\n\t\t\t\t\t\t\t\t\t\t\t\t\t\t\t<\/div>\n\t\t\t\t<\/div>\n\t\t\t\t\t<\/div>\n\t\t<\/div>\n\t\t\t\t<div class=\"elementor-column elementor-col-50 elementor-inner-column elementor-element elementor-element-0a59f05\" data-id=\"0a59f05\" data-element_type=\"column\" data-e-type=\"column\">\n\t\t\t<div class=\"elementor-widget-wrap elementor-element-populated\">\n\t\t\t\t\t\t<div class=\"elementor-element elementor-element-8819905 elementor-widget elementor-widget-image\" data-id=\"8819905\" data-element_type=\"widget\" data-e-type=\"widget\" data-widget_type=\"image.default\">\n\t\t\t\t<div class=\"elementor-widget-container\">\n\t\t\t\t\t\t\t\t\t\t\t\t\t\t\t<img decoding=\"async\" src=\"https:\/\/www.csipacific.ca\/wp-content\/uploads\/elementor\/thumbs\/logo-flip-360-qqttt1j4olhdyd2m98htcu9y88sojquto9hsworgmc.png\" title=\"logo-flip-360\" alt=\"Flip 360 App\" loading=\"lazy\" \/>\t\t\t\t\t\t\t\t\t\t\t\t\t\t\t<\/div>\n\t\t\t\t<\/div>\n\t\t\t\t\t<\/div>\n\t\t<\/div>\n\t\t\t\t\t<\/div>\n\t\t<\/section>\n\t\t\t\t<div class=\"elementor-element elementor-element-773342f elementor-widget-divider--view-line_icon elementor-view-default elementor-widget-divider--element-align-center elementor-widget elementor-widget-divider\" data-id=\"773342f\" data-element_type=\"widget\" data-e-type=\"widget\" data-widget_type=\"divider.default\">\n\t\t\t\t<div class=\"elementor-widget-container\">\n\t\t\t\t\t\t\t<div class=\"elementor-divider\">\n\t\t\t<span class=\"elementor-divider-separator\">\n\t\t\t\t\t\t\t<div class=\"elementor-icon elementor-divider__element\">\n\t\t\t\t\t<i aria-hidden=\"true\" class=\"fab fa-canadian-maple-leaf\"><\/i><\/div>\n\t\t\t\t\t\t<\/span>\n\t\t<\/div>\n\t\t\t\t\t\t<\/div>\n\t\t\t\t<\/div>\n\t\t\t\t<section class=\"elementor-section elementor-inner-section elementor-element elementor-element-32c1714 elementor-section-boxed elementor-section-height-default elementor-section-height-default\" data-id=\"32c1714\" data-element_type=\"section\" data-e-type=\"section\">\n\t\t\t\t\t\t<div class=\"elementor-container elementor-column-gap-default\">\n\t\t\t\t\t<div class=\"elementor-column elementor-col-100 elementor-inner-column elementor-element elementor-element-f23bb8f\" data-id=\"f23bb8f\" data-element_type=\"column\" data-e-type=\"column\">\n\t\t\t<div class=\"elementor-widget-wrap elementor-element-populated\">\n\t\t\t\t\t\t<div class=\"elementor-element elementor-element-4bea068 elementor-widget elementor-widget-heading\" data-id=\"4bea068\" data-element_type=\"widget\" data-e-type=\"widget\" data-widget_type=\"heading.default\">\n\t\t\t\t<div class=\"elementor-widget-container\">\n\t\t\t\t\t<h3 class=\"elementor-heading-title elementor-size-default\">\u00c9levez votre exp\u00e9rience de suivi de performance<\/h3>\t\t\t\t<\/div>\n\t\t\t\t<\/div>\n\t\t\t\t<div class=\"elementor-element elementor-element-6ffc9ba elementor-widget elementor-widget-text-editor\" data-id=\"6ffc9ba\" data-element_type=\"widget\" data-e-type=\"widget\" data-widget_type=\"text-editor.default\">\n\t\t\t\t<div class=\"elementor-widget-container\">\n\t\t\t\t\t\t\t\t\t<p>Exploitez la puissance d\u2019une analyse du mouvement fluide avec <strong data-start=\"886\" data-end=\"897\">Flip360<\/strong> \u2013 l\u2019application de pointe con\u00e7ue pour \u00e9lever votre exp\u00e9rience de suivi de performance. Connectez simultan\u00e9ment des capteurs (Apple Watch et\/ou Movella DOT) afin de capturer des donn\u00e9es d\u00e9taill\u00e9es de mouvement en haute r\u00e9solution. R\u00e9volutionnez vos s\u00e9ances d\u2019entra\u00eenement en obtenant des informations en temps r\u00e9el sur vos sauts, vous permettant d\u2019affiner vos habilet\u00e9s et d\u2019am\u00e9liorer votre performance globale.<\/p>\t\t\t\t\t\t\t\t<\/div>\n\t\t\t\t<\/div>\n\t\t\t\t\t<\/div>\n\t\t<\/div>\n\t\t\t\t\t<\/div>\n\t\t<\/section>\n\t\t\t\t<section class=\"elementor-section elementor-inner-section elementor-element elementor-element-97fd455 elementor-section-boxed elementor-section-height-default elementor-section-height-default\" data-id=\"97fd455\" data-element_type=\"section\" data-e-type=\"section\">\n\t\t\t\t\t\t<div class=\"elementor-container elementor-column-gap-default\">\n\t\t\t\t\t<div class=\"elementor-column elementor-col-50 elementor-inner-column elementor-element elementor-element-853e900\" data-id=\"853e900\" data-element_type=\"column\" data-e-type=\"column\">\n\t\t\t<div class=\"elementor-widget-wrap elementor-element-populated\">\n\t\t\t\t\t\t<div class=\"elementor-element elementor-element-ef6f2d2 elementor-widget elementor-widget-heading\" data-id=\"ef6f2d2\" data-element_type=\"widget\" data-e-type=\"widget\" data-widget_type=\"heading.default\">\n\t\t\t\t<div class=\"elementor-widget-container\">\n\t\t\t\t\t<h3 class=\"elementor-heading-title elementor-size-default\">Caract\u00e9ristiques principales<\/h3>\t\t\t\t<\/div>\n\t\t\t\t<\/div>\n\t\t\t\t<div class=\"elementor-element elementor-element-9aad849 elementor-widget elementor-widget-text-editor\" data-id=\"9aad849\" data-element_type=\"widget\" data-e-type=\"widget\" data-widget_type=\"text-editor.default\">\n\t\t\t\t<div class=\"elementor-widget-container\">\n\t\t\t\t\t\t\t\t\t<p dir=\"ltr\" data-test-bidi=\"\"><strong>1. Connectivit\u00e9 multi-capteurs :<\/strong><\/p><p dir=\"ltr\" data-test-bidi=\"\">Flip360 se connecte sans effort \u00e0 la fois \u00e0 votre Apple Watch et \u00e0 vos capteurs Movella DOT, vous offrant la flexibilit\u00e9 n\u00e9cessaire pour recueillir des donn\u00e9es de mouvement pr\u00e9cises et analyser la performance de vos sauts.<\/p><p dir=\"ltr\" data-test-bidi=\"\"><strong>2. Capture de donn\u00e9es haute r\u00e9solution :<\/strong><\/p><p dir=\"ltr\" data-test-bidi=\"\">Analysez en profondeur vos sauts gr\u00e2ce \u00e0 la capture de donn\u00e9es en haute r\u00e9solution. Flip360 enregistre des mesures essentielles telles que la hauteur de saut, la vitesse de d\u00e9collage, le temps en l\u2019air, l\u2019impact \u00e0 l\u2019atterrissage et le nombre de sauts avec une grande pr\u00e9cision. Obtenez de nouvelles perspectives pour mieux comprendre vos mouvements dans votre environnement d\u2019entra\u00eenement quotidien.<\/p><p dir=\"ltr\" data-test-bidi=\"\"><strong>3. Suivi en temps r\u00e9el des s\u00e9ances :<\/strong><\/p><p dir=\"ltr\" data-test-bidi=\"\">Restez dans l\u2019action gr\u00e2ce au suivi en temps r\u00e9el de vos indicateurs de saut. Suivez vos progr\u00e8s, ajustez votre technique et optimisez vos entra\u00eenements instantan\u00e9ment. Flip360 vous donne le contr\u00f4le de votre performance avec une r\u00e9troaction imm\u00e9diate.<\/p>\t\t\t\t\t\t\t\t<\/div>\n\t\t\t\t<\/div>\n\t\t\t\t\t<\/div>\n\t\t<\/div>\n\t\t\t\t<div class=\"elementor-column elementor-col-50 elementor-inner-column elementor-element elementor-element-7d07e74\" data-id=\"7d07e74\" data-element_type=\"column\" data-e-type=\"column\">\n\t\t\t<div class=\"elementor-widget-wrap elementor-element-populated\">\n\t\t\t\t\t\t<div class=\"elementor-element elementor-element-24ad290 elementor-widget elementor-widget-heading\" data-id=\"24ad290\" data-element_type=\"widget\" data-e-type=\"widget\" data-widget_type=\"heading.default\">\n\t\t\t\t<div class=\"elementor-widget-container\">\n\t\t\t\t\t<h3 class=\"elementor-heading-title elementor-size-default\">Autres caract\u00e9ristiques cl\u00e9s<\/h3>\t\t\t\t<\/div>\n\t\t\t\t<\/div>\n\t\t\t\t<div class=\"elementor-element elementor-element-6445b38 elementor-widget elementor-widget-text-editor\" data-id=\"6445b38\" data-element_type=\"widget\" data-e-type=\"widget\" data-widget_type=\"text-editor.default\">\n\t\t\t\t<div class=\"elementor-widget-container\">\n\t\t\t\t\t\t\t\t\t<p dir=\"ltr\" data-test-bidi=\"\"><strong>4. Quantification de l\u2019intensit\u00e9\/charge :<\/strong><\/p><p dir=\"ltr\" data-test-bidi=\"\">Flip360 va au-del\u00e0 des mesures de base en vous fournissant la quantification de l\u2019intensit\u00e9 et de la charge. Comprenez l\u2019impact de chaque saut sur votre corps et adaptez vos entra\u00eenements pour plus d\u2019efficacit\u00e9 et de s\u00e9curit\u00e9.<\/p><p dir=\"ltr\" data-test-bidi=\"\"><strong>5. Int\u00e9gration au nuage :<\/strong><\/p><p dir=\"ltr\" data-test-bidi=\"\">T\u00e9l\u00e9versez en toute fluidit\u00e9 les donn\u00e9es brutes des capteurs ainsi que les indicateurs de saut trait\u00e9s vers la plateforme infonuagique de votre choix. Que ce soit Google Drive, Dropbox ou OneDrive, Flip360 assure que vos donn\u00e9es soient stock\u00e9es de fa\u00e7on s\u00e9curitaire et accessibles de partout.<\/p><p dir=\"ltr\" data-test-bidi=\"\"><strong>6. Nommage des fichiers horodat\u00e9s :<\/strong><\/p><p dir=\"ltr\" data-test-bidi=\"\">Superposez facilement les donn\u00e9es des capteurs sur vos enregistrements vid\u00e9o \u00e0 l\u2019aide de l\u2019application Quick Replay. Flip360 s\u2019assure que chaque fichier soit horodat\u00e9, permettant une synchronisation pr\u00e9cise et une analyse compl\u00e8te de vos sauts.<\/p>\t\t\t\t\t\t\t\t<\/div>\n\t\t\t\t<\/div>\n\t\t\t\t\t<\/div>\n\t\t<\/div>\n\t\t\t\t\t<\/div>\n\t\t<\/section>\n\t\t\t\t<div class=\"elementor-element elementor-element-74d1f3f elementor-widget-divider--view-line_icon elementor-view-default elementor-widget-divider--element-align-center elementor-widget elementor-widget-divider\" data-id=\"74d1f3f\" data-element_type=\"widget\" data-e-type=\"widget\" data-widget_type=\"divider.default\">\n\t\t\t\t<div class=\"elementor-widget-container\">\n\t\t\t\t\t\t\t<div class=\"elementor-divider\">\n\t\t\t<span class=\"elementor-divider-separator\">\n\t\t\t\t\t\t\t<div class=\"elementor-icon elementor-divider__element\">\n\t\t\t\t\t<i aria-hidden=\"true\" class=\"fab fa-canadian-maple-leaf\"><\/i><\/div>\n\t\t\t\t\t\t<\/span>\n\t\t<\/div>\n\t\t\t\t\t\t<\/div>\n\t\t\t\t<\/div>\n\t\t\t\t<section class=\"elementor-section elementor-inner-section elementor-element elementor-element-d33dbb9 elementor-section-boxed elementor-section-height-default elementor-section-height-default\" data-id=\"d33dbb9\" data-element_type=\"section\" data-e-type=\"section\">\n\t\t\t\t\t\t<div class=\"elementor-container elementor-column-gap-default\">\n\t\t\t\t\t<div class=\"elementor-column elementor-col-100 elementor-inner-column elementor-element elementor-element-fc16cea\" data-id=\"fc16cea\" data-element_type=\"column\" data-e-type=\"column\">\n\t\t\t<div class=\"elementor-widget-wrap elementor-element-populated\">\n\t\t\t\t\t\t<div class=\"elementor-element elementor-element-f6d2f30 elementor-widget elementor-widget-heading\" data-id=\"f6d2f30\" data-element_type=\"widget\" data-e-type=\"widget\" data-widget_type=\"heading.default\">\n\t\t\t\t<div class=\"elementor-widget-container\">\n\t\t\t\t\t<h3 class=\"elementor-heading-title elementor-size-default\">Amenez votre jeu \u00e0 un autre niveau<\/h3>\t\t\t\t<\/div>\n\t\t\t\t<\/div>\n\t\t\t\t<div class=\"elementor-element elementor-element-27171a5 elementor-widget elementor-widget-text-editor\" data-id=\"27171a5\" data-element_type=\"widget\" data-e-type=\"widget\" data-widget_type=\"text-editor.default\">\n\t\t\t\t<div class=\"elementor-widget-container\">\n\t\t\t\t\t\t\t\t\t<p>Am\u00e9liorez vos entra\u00eenements, \u00e9levez votre performance et propulsez vos sauts vers de nouveaux sommets avec <strong data-start=\"3454\" data-end=\"3465\">Flip360<\/strong>.<br data-start=\"3466\" data-end=\"3469\" \/>T\u00e9l\u00e9chargez d\u00e8s maintenant et commencez votre parcours vers le plein potentiel de vos donn\u00e9es de mouvement. <strong data-start=\"3577\" data-end=\"3633\">Flip360 \u2013 parce que chaque saut m\u00e9rite la pr\u00e9cision.<\/strong><\/p>\t\t\t\t\t\t\t\t<\/div>\n\t\t\t\t<\/div>\n\t\t\t\t\t<\/div>\n\t\t<\/div>\n\t\t\t\t\t<\/div>\n\t\t<\/section>\n\t\t\t\t<div class=\"elementor-element elementor-element-09a6ccf elementor-widget elementor-widget-image\" data-id=\"09a6ccf\" data-element_type=\"widget\" data-e-type=\"widget\" data-widget_type=\"image.default\">\n\t\t\t\t<div class=\"elementor-widget-container\">\n\t\t\t\t\t\t\t\t\t\t\t\t\t\t\t\t<a href=\"https:\/\/apps.apple.com\/ca\/app\/flip360\/id6478606955\" target=\"_blank\">\n\t\t\t\t\t\t\t<img decoding=\"async\" src=\"https:\/\/www.csipacific.ca\/wp-content\/uploads\/elementor\/thumbs\/Download_on_the_App_Store_Badge_FRCA_RGB_blk.svg_-rane6bx8h81p40uqvsha2riudaux9lqwqdyc7lmt3s.png\" title=\"Download_on_the_App_Store_Badge_FRCA_RGB_blk.svg\" alt=\"App Store Apple Francais\" loading=\"lazy\" \/>\t\t\t\t\t\t\t\t<\/a>\n\t\t\t\t\t\t\t\t\t\t\t\t\t\t\t<\/div>\n\t\t\t\t<\/div>\n\t\t\t\t<div class=\"elementor-element elementor-element-ce65187 elementor-widget-divider--view-line_icon elementor-view-default elementor-widget-divider--element-align-center elementor-widget elementor-widget-divider\" data-id=\"ce65187\" data-element_type=\"widget\" data-e-type=\"widget\" data-widget_type=\"divider.default\">\n\t\t\t\t<div class=\"elementor-widget-container\">\n\t\t\t\t\t\t\t<div class=\"elementor-divider\">\n\t\t\t<span class=\"elementor-divider-separator\">\n\t\t\t\t\t\t\t<div class=\"elementor-icon elementor-divider__element\">\n\t\t\t\t\t<i aria-hidden=\"true\" class=\"fab fa-canadian-maple-leaf\"><\/i><\/div>\n\t\t\t\t\t\t<\/span>\n\t\t<\/div>\n\t\t\t\t\t\t<\/div>\n\t\t\t\t<\/div>\n\t\t\t\t<section class=\"elementor-section elementor-inner-section elementor-element elementor-element-414a7c0 elementor-section-boxed elementor-section-height-default elementor-section-height-default\" data-id=\"414a7c0\" data-element_type=\"section\" data-e-type=\"section\">\n\t\t\t\t\t\t<div class=\"elementor-container elementor-column-gap-default\">\n\t\t\t\t\t<div class=\"elementor-column elementor-col-50 elementor-inner-column elementor-element elementor-element-3a6c9cc\" data-id=\"3a6c9cc\" data-element_type=\"column\" data-e-type=\"column\">\n\t\t\t<div class=\"elementor-widget-wrap elementor-element-populated\">\n\t\t\t\t\t\t<div class=\"elementor-element elementor-element-8d1303e elementor-widget elementor-widget-heading\" data-id=\"8d1303e\" data-element_type=\"widget\" data-e-type=\"widget\" data-widget_type=\"heading.default\">\n\t\t\t\t<div class=\"elementor-widget-container\">\n\t\t\t\t\t<h3 class=\"elementor-heading-title elementor-size-default\">Pour plus d\u2019information<\/h3>\t\t\t\t<\/div>\n\t\t\t\t<\/div>\n\t\t\t\t<div class=\"elementor-element elementor-element-8ff6767 elementor-widget elementor-widget-text-editor\" data-id=\"8ff6767\" data-element_type=\"widget\" data-e-type=\"widget\" data-widget_type=\"text-editor.default\">\n\t\t\t\t<div class=\"elementor-widget-container\">\n\t\t\t\t\t\t\t\t\t<p>Pour toute question sur la tarification ou pour modifier\/mettre \u00e0 jour votre compte, veuillez contacter : <a href=\"mailto:finance@csipacific.ca\">finance@csipacific.ca<\/a><\/p>\t\t\t\t\t\t\t\t<\/div>\n\t\t\t\t<\/div>\n\t\t\t\t\t<\/div>\n\t\t<\/div>\n\t\t\t\t<div class=\"elementor-column elementor-col-50 elementor-inner-column elementor-element elementor-element-bed0257\" data-id=\"bed0257\" data-element_type=\"column\" data-e-type=\"column\">\n\t\t\t<div class=\"elementor-widget-wrap elementor-element-populated\">\n\t\t\t\t\t\t<div class=\"elementor-element elementor-element-ba1d011 elementor-widget elementor-widget-heading\" data-id=\"ba1d011\" data-element_type=\"widget\" data-e-type=\"widget\" data-widget_type=\"heading.default\">\n\t\t\t\t<div class=\"elementor-widget-container\">\n\t\t\t\t\t<h3 class=\"elementor-heading-title elementor-size-default\">Documentation additionnelle<\/h3>\t\t\t\t<\/div>\n\t\t\t\t<\/div>\n\t\t\t\t<div class=\"elementor-element elementor-element-4c47549 elementor-widget elementor-widget-text-editor\" data-id=\"4c47549\" data-element_type=\"widget\" data-e-type=\"widget\" data-widget_type=\"text-editor.default\">\n\t\t\t\t<div class=\"elementor-widget-container\">\n\t\t\t\t\t\t\t\t\t<em>En anglais seulement<\/em>\n\n<ul>\n \t<li><a href=\"https:\/\/www.csipacific.ca\/wp-content\/uploads\/2024\/03\/CSI-Pacific-Flip360-TOC-202403.pdf\" target=\"_blank\" rel=\"noopener\">Conditions d\u2019utilisation<\/a>\u00a0[PDF]<\/li>\n \t<li><a href=\"https:\/\/www.csipacific.ca\/wp-content\/uploads\/2024\/03\/CSI-Pacific-Flip360-Privacy-Policy-202403.pdf\" target=\"_blank\" rel=\"noopener\">Politique de confidentialit\u00e9<\/a>\u00a0[PDF]<\/li>\n<\/ul>\t\t\t\t\t\t\t\t<\/div>\n\t\t\t\t<\/div>\n\t\t\t\t\t<\/div>\n\t\t<\/div>\n\t\t\t\t\t<\/div>\n\t\t<\/section>\n\t\t\t\t\t<\/div>\n\t\t<\/div>\n\t\t\t\t\t<\/div>\n\t\t<\/section>\n\t\t\t\t<\/div>\n\t\t","protected":false},"excerpt":{"rendered":"<p>Le suivi de performance ultime Flip360 est un traqueur de performance de pointe qui r\u00e9volutionne l\u2019analyse du mouvement en offrant un suivi en temps r\u00e9el et une analyse de donn\u00e9es compl\u00e8te. Cette innovation permet aux athl\u00e8tes d\u2019adapter leurs entra\u00eenements pour une efficacit\u00e9 et une s\u00e9curit\u00e9 maximales, red\u00e9finissant ainsi l\u2019avenir de la technologie sportive. \u00c9levez votre&hellip;<\/p>\n","protected":false},"author":2,"featured_media":0,"parent":26662,"menu_order":0,"comment_status":"closed","ping_status":"closed","template":"","meta":{"give_campaign_id":0,"footnotes":""},"class_list":["post-29707","page","type-page","status-publish","hentry"],"campaignId":"","_links":{"self":[{"href":"https:\/\/www.csipacific.ca\/fr\/wp-json\/wp\/v2\/pages\/29707","targetHints":{"allow":["GET"]}}],"collection":[{"href":"https:\/\/www.csipacific.ca\/fr\/wp-json\/wp\/v2\/pages"}],"about":[{"href":"https:\/\/www.csipacific.ca\/fr\/wp-json\/wp\/v2\/types\/page"}],"author":[{"embeddable":true,"href":"https:\/\/www.csipacific.ca\/fr\/wp-json\/wp\/v2\/users\/2"}],"replies":[{"embeddable":true,"href":"https:\/\/www.csipacific.ca\/fr\/wp-json\/wp\/v2\/comments?post=29707"}],"version-history":[{"count":5,"href":"https:\/\/www.csipacific.ca\/fr\/wp-json\/wp\/v2\/pages\/29707\/revisions"}],"predecessor-version":[{"id":29712,"href":"https:\/\/www.csipacific.ca\/fr\/wp-json\/wp\/v2\/pages\/29707\/revisions\/29712"}],"up":[{"embeddable":true,"href":"https:\/\/www.csipacific.ca\/fr\/wp-json\/wp\/v2\/pages\/26662"}],"wp:attachment":[{"href":"https:\/\/www.csipacific.ca\/fr\/wp-json\/wp\/v2\/media?parent=29707"}],"curies":[{"name":"wp","href":"https:\/\/api.w.org\/{rel}","templated":true}]}}