{"id":29631,"date":"2017-07-28T01:51:59","date_gmt":"2017-07-28T08:51:59","guid":{"rendered":"https:\/\/www.csipacific.ca\/?page_id=29631"},"modified":"2025-08-19T15:09:59","modified_gmt":"2025-08-19T22:09:59","slug":"telechargements-proteges-pso-dso","status":"publish","type":"page","link":"https:\/\/www.csipacific.ca\/fr\/avantages-ressources\/telechargements-proteges-pso-dso\/","title":{"rendered":"T\u00e9l\u00e9chargements prot\u00e9g\u00e9s PSO\/DSO"},"content":{"rendered":"\t\t<div data-elementor-type=\"wp-page\" data-elementor-id=\"29631\" class=\"elementor elementor-29631 elementor-9778\">\n\t\t\t\t\t\t<section class=\"elementor-section elementor-top-section elementor-element elementor-element-5fa82187 elementor-section-boxed elementor-section-height-default elementor-section-height-default\" data-id=\"5fa82187\" data-element_type=\"section\" data-e-type=\"section\">\n\t\t\t\t\t\t<div class=\"elementor-container elementor-column-gap-default\">\n\t\t\t\t\t<div class=\"elementor-column elementor-col-100 elementor-top-column elementor-element elementor-element-aac73aa\" data-id=\"aac73aa\" data-element_type=\"column\" data-e-type=\"column\">\n\t\t\t<div class=\"elementor-widget-wrap elementor-element-populated\">\n\t\t\t\t\t\t<div class=\"elementor-element elementor-element-808b5ad elementor-widget elementor-widget-heading\" data-id=\"808b5ad\" data-element_type=\"widget\" data-e-type=\"widget\" data-widget_type=\"heading.default\">\n\t\t\t\t<div class=\"elementor-widget-container\">\n\t\t\t\t\t<h2 class=\"elementor-heading-title elementor-size-default\">Fournir de l\u2019information cl\u00e9 aux FSProv et OSD<\/h2>\t\t\t\t<\/div>\n\t\t\t\t<\/div>\n\t\t\t\t<div class=\"elementor-element elementor-element-13dd01b elementor-widget elementor-widget-text-editor\" data-id=\"13dd01b\" data-element_type=\"widget\" data-e-type=\"widget\" data-widget_type=\"text-editor.default\">\n\t\t\t\t<div class=\"elementor-widget-container\">\n\t\t\t\t\t\t\t\t\t<p data-start=\"109\" data-end=\"470\">Bienvenue aux FSProv\/OSD.<br data-start=\"134\" data-end=\"137\" \/>Un des \u00e9l\u00e9ments cl\u00e9s du paysage de haute performance en C.-B. a \u00e9t\u00e9 l\u2019identification d\u2019athl\u00e8tes par les FSProv (F\u00e9d\u00e9rations sportives provinciales) et les OSD (Organismes de sport directeur) afin qu\u2019ils s\u2019inscrivent aupr\u00e8s du CSI Pacific ou d\u2019un centre PacificSport pour recevoir des avantages visant \u00e0 am\u00e9liorer leur entra\u00eenement.<\/p><p data-start=\"472\" data-end=\"762\">Pour appuyer le d\u00e9veloppement des athl\u00e8tes, la soumission par les FSProv\/OSD de leur liste d\u2019athl\u00e8tes cibl\u00e9s, de fa\u00e7on ponctuelle et constante, au CSI Pacific est une pierre angulaire pour identifier efficacement et rapidement leurs parcours de haute performance et leurs athl\u00e8tes cibl\u00e9s.<\/p><p data-start=\"764\" data-end=\"1196\">Les documents ci-dessous vous aideront \u00e0 identifier et cibler les athl\u00e8tes afin qu\u2019ils aient acc\u00e8s \u00e0 plus de 3,7 millions de dollars en avantages en nature (VIK). Veuillez commencer par consulter le document <strong data-start=\"972\" data-end=\"1057\">Lignes directrices provinciales pour le ciblage des athl\u00e8tes de haute performance<\/strong> au d\u00e9but de cette page.<br data-start=\"1081\" data-end=\"1084\" \/>Si vous avez des questions, veuillez communiquer avec : <strong data-start=\"1140\" data-end=\"1169\"><a class=\"decorated-link cursor-pointer\" rel=\"noopener\" data-start=\"1142\" data-end=\"1167\">nominations@csipacific.ca<\/a><\/strong> pour obtenir du soutien.<\/p>\t\t\t\t\t\t\t\t<\/div>\n\t\t\t\t<\/div>\n\t\t\t\t<section class=\"elementor-section elementor-inner-section elementor-element elementor-element-ef54a96 elementor-section-boxed elementor-section-height-default elementor-section-height-default\" data-id=\"ef54a96\" data-element_type=\"section\" data-e-type=\"section\">\n\t\t\t\t\t\t<div class=\"elementor-container elementor-column-gap-wider\">\n\t\t\t\t\t<div class=\"elementor-column elementor-col-33 elementor-inner-column elementor-element elementor-element-d7c8b3c\" data-id=\"d7c8b3c\" data-element_type=\"column\" data-e-type=\"column\">\n\t\t\t<div class=\"elementor-widget-wrap elementor-element-populated\">\n\t\t\t\t\t\t<div class=\"elementor-element elementor-element-a73454d elementor-widget elementor-widget-heading\" data-id=\"a73454d\" data-element_type=\"widget\" data-e-type=\"widget\" data-widget_type=\"heading.default\">\n\t\t\t\t<div class=\"elementor-widget-container\">\n\t\t\t\t\t<h2 class=\"elementor-heading-title elementor-size-default\">Fichiers t\u00e9l\u00e9chargeables (Tout en anglais seulement)<\/h2>\t\t\t\t<\/div>\n\t\t\t\t<\/div>\n\t\t\t\t<div class=\"elementor-element elementor-element-8f859b4 elementor-widget elementor-widget-text-editor\" data-id=\"8f859b4\" data-element_type=\"widget\" data-e-type=\"widget\" data-widget_type=\"text-editor.default\">\n\t\t\t\t<div class=\"elementor-widget-container\">\n\t\t\t\t\t\t\t\t\t<h3>Commencez ici<\/h3>\n<ul>\n \t<li><a href=\"https:\/\/www.csipacific.ca\/wp-content\/uploads\/2018\/07\/20180608ProvHPTargetingGuidelinesV05.pdf\" target=\"_blank\" rel=\"noopener noreferrer\">Lignes directrices provinciales pour le ciblage des athl\u00e8tes et entra\u00eeneurs de haute performance<\/a>\u00a0[PDF]<\/li>\n<\/ul>\n<h3>Phase 1 : \u00c9laboration des crit\u00e8res<\/h3>\n<ul>\n \t<li><a href=\"https:\/\/www.csipacific.ca\/wp-content\/uploads\/2017\/09\/20170720PSODSOSteps4CreatingCriteriaV02.pdf\">\u00c9tapes des FSProv pour cr\u00e9er \/ mettre \u00e0 jour les crit\u00e8res<\/a>\u00a0[PDF]<\/li>\n \t<li><a href=\"https:\/\/www.csipacific.ca\/wp-content\/uploads\/2019\/11\/NominationCriteriaTemplateV03.docx\">Mod\u00e8le de crit\u00e8res de mise en candidature d\u2019athl\u00e8tes et d\u2019entra\u00eeneurs<\/a>\u00a0[DOCX]<\/li>\n \t<li><a href=\"https:\/\/www.csipacific.ca\/athletes\/eligibility\/sports\/\">Crit\u00e8res actuels de mise en candidature propres au sport<\/a><\/li>\n<\/ul>\n<h3>Phase 2 : Mise en candidature<\/h3>\n<ul>\n \t<li><a href=\"https:\/\/www.csipacific.ca\/wp-content\/uploads\/2017\/09\/20170331NominationListTemplate.xlsx\" target=\"_blank\" rel=\"noopener noreferrer\">Mod\u00e8le de liste de mise en candidature d\u2019athl\u00e8tes et d\u2019entra\u00eeneurs<\/a>\u00a0[XLSX]<\/li>\n \t<li><a href=\"https:\/\/www.csipacific.ca\/wp-content\/uploads\/2020\/06\/20200609SportCyclesforWebsite.pdf\" target=\"_blank\" rel=\"noopener noreferrer\">Cycles de mise en candidature par sport &#8211; mai 2020<\/a>\u00a0[PDF]<\/li>\n<\/ul>\n<h3>Phase 3 : Inscription<\/h3>\n<ul>\n \t<li><a href=\"https:\/\/www.csipacific.ca\/wp-content\/uploads\/2022\/08\/20220301AthleteNotificationLetter.docx\" target=\"_blank\" rel=\"noopener noreferrer\">Mod\u00e8le de lettre d\u2019avis aux athl\u00e8tes<\/a>\u00a0[DOCX]<\/li>\n \t<li><a href=\"https:\/\/www.csipacific.ca\/wp-content\/uploads\/2022\/08\/20220301CoachNotificationLetter.docx\" target=\"_blank\" rel=\"noopener noreferrer\">Mod\u00e8le de lettre d\u2019avis aux entra\u00eeneurs<\/a>\u00a0[DOCX]<\/li>\n \t<li><a href=\"https:\/\/www.csipacific.ca\/wp-content\/uploads\/2017\/09\/CSIPacificCoachExemptionLetterTemplate160616.pdf\" target=\"_blank\" rel=\"noopener noreferrer\">Mod\u00e8le de lettre d\u2019exemption pour entra\u00eeneur<\/a>\u00a0[PDF]<\/li>\n \t<li><a href=\"https:\/\/www.csipacific.ca\/wp-content\/uploads\/2017\/09\/20170720SuggestedWebsiteContentV02.pdf\">Contenu sugg\u00e9r\u00e9 pour site web FSProv\/OSD<\/a>\u00a0[DOCX]<\/li>\n \t<li><a href=\"https:\/\/www.csipacific.ca\/wp-content\/uploads\/2020\/06\/20200609PSOMonthlyReportOverview.pdf\" target=\"_blank\" rel=\"noopener noreferrer\">apports d\u2019activation du statut des athl\u00e8tes FSProv\/OSD \u2013 mai 2020<\/a>\u00a0[PDF]<\/li>\n<\/ul>\t\t\t\t\t\t\t\t<\/div>\n\t\t\t\t<\/div>\n\t\t\t\t\t<\/div>\n\t\t<\/div>\n\t\t\t\t<div class=\"elementor-column elementor-col-33 elementor-inner-column elementor-element elementor-element-bed9166\" data-id=\"bed9166\" data-element_type=\"column\" data-e-type=\"column\">\n\t\t\t<div class=\"elementor-widget-wrap elementor-element-populated\">\n\t\t\t\t\t\t<div class=\"elementor-element elementor-element-15161bc elementor-widget elementor-widget-heading\" data-id=\"15161bc\" data-element_type=\"widget\" data-e-type=\"widget\" data-widget_type=\"heading.default\">\n\t\t\t\t<div class=\"elementor-widget-container\">\n\t\t\t\t\t<h2 class=\"elementor-heading-title elementor-size-default\">Bonnes pratiques<\/h2>\t\t\t\t<\/div>\n\t\t\t\t<\/div>\n\t\t\t\t<div class=\"elementor-element elementor-element-0a40d79 elementor-widget elementor-widget-text-editor\" data-id=\"0a40d79\" data-element_type=\"widget\" data-e-type=\"widget\" data-widget_type=\"text-editor.default\">\n\t\t\t\t<div class=\"elementor-widget-container\">\n\t\t\t\t\t\t\t\t\t<strong>Consultez ces exemples de bonnes pratiques : (anglais seulement)<\/strong>\n<ul>\n \t<li>Basketball en fauteuil roulant a fait un excellent travail en pr\u00e9sentant un\u00a0<a href=\"https:\/\/www.csipacific.ca\/wp-content\/uploads\/2017\/09\/WheelchairBasketballBCSportCriteria160617.docx\">profil d\u2019\u00e9talonnage align\u00e9 au DLTA<\/a>[DOCX] dans son annexe<\/li>\n \t<li>Rugby BC a d\u00e9velopp\u00e9 un formulaire d\u00e9taill\u00e9 de\u00a0<a href=\"https:\/\/www.csipacific.ca\/wp-content\/uploads\/2017\/09\/BCRugbySportCriteria160617.docx\">mise en candidature d\u2019athl\u00e8tes<\/a>\u00a0[DOCX]<\/li>\n \t<li>CSki de fond BC a bien int\u00e9gr\u00e9 \u00e0 la fois des crit\u00e8res sp\u00e9cifiques aux \u00e9v\u00e9nements et des crit\u00e8res li\u00e9s \u00e0 la performance dans ses\u00a0<a href=\"https:\/\/www.csipacific.ca\/wp-content\/uploads\/2017\/09\/CrossCountryBCSportCriteria160617.docx\">crit\u00e8res propres au sport<\/a>\u00a0[DOCX]<\/li>\n \t<li><a href=\"https:\/\/www.csipacific.ca\/wp-content\/uploads\/2017\/09\/20160815NominationListExample.pdf\">Exemple d\u2019une liste compl\u00e9t\u00e9e de mise en candidature d\u2019athl\u00e8tes \/ entra\u00eeneurs<\/a>\u00a0[PDF]<\/li>\n<\/ul>\t\t\t\t\t\t\t\t<\/div>\n\t\t\t\t<\/div>\n\t\t\t\t\t<\/div>\n\t\t<\/div>\n\t\t\t\t<div class=\"elementor-column elementor-col-33 elementor-inner-column elementor-element elementor-element-a214119\" data-id=\"a214119\" data-element_type=\"column\" data-e-type=\"column\">\n\t\t\t<div class=\"elementor-widget-wrap elementor-element-populated\">\n\t\t\t\t\t\t<div class=\"elementor-element elementor-element-b90fd98 elementor-widget elementor-widget-heading\" data-id=\"b90fd98\" data-element_type=\"widget\" data-e-type=\"widget\" data-widget_type=\"heading.default\">\n\t\t\t\t<div class=\"elementor-widget-container\">\n\t\t\t\t\t<h2 class=\"elementor-heading-title elementor-size-default\">Information sur Power Podiums (anglais seulement)<\/h2>\t\t\t\t<\/div>\n\t\t\t\t<\/div>\n\t\t\t\t<div class=\"elementor-element elementor-element-5848fd2 elementor-widget elementor-widget-video\" data-id=\"5848fd2\" data-element_type=\"widget\" data-e-type=\"widget\" data-settings=\"{&quot;youtube_url&quot;:&quot;https:\\\/\\\/www.youtube.com\\\/watch?v=e9TUlyVy3zk&quot;,&quot;video_type&quot;:&quot;youtube&quot;,&quot;controls&quot;:&quot;yes&quot;}\" data-widget_type=\"video.default\">\n\t\t\t\t<div class=\"elementor-widget-container\">\n\t\t\t\t\t\t\t<div class=\"elementor-wrapper elementor-open-inline\">\n\t\t\t<div class=\"elementor-video\"><\/div>\t\t<\/div>\n\t\t\t\t\t\t<\/div>\n\t\t\t\t<\/div>\n\t\t\t\t\t<\/div>\n\t\t<\/div>\n\t\t\t\t\t<\/div>\n\t\t<\/section>\n\t\t\t\t\t<\/div>\n\t\t<\/div>\n\t\t\t\t\t<\/div>\n\t\t<\/section>\n\t\t\t\t<\/div>\n\t\t","protected":false},"excerpt":{"rendered":"<p>Fournir de l\u2019information cl\u00e9 aux FSProv et OSD Bienvenue aux FSProv\/OSD.Un des \u00e9l\u00e9ments cl\u00e9s du paysage de haute performance en C.-B. a \u00e9t\u00e9 l\u2019identification d\u2019athl\u00e8tes par les FSProv (F\u00e9d\u00e9rations sportives provinciales) et les OSD (Organismes de sport directeur) afin qu\u2019ils s\u2019inscrivent aupr\u00e8s du CSI Pacific ou d\u2019un centre PacificSport pour recevoir des avantages visant \u00e0&hellip;<\/p>\n","protected":false},"author":2,"featured_media":0,"parent":26697,"menu_order":0,"comment_status":"closed","ping_status":"closed","template":"","meta":{"give_campaign_id":0,"footnotes":""},"class_list":["post-29631","page","type-page","status-publish","hentry"],"campaignId":"","_links":{"self":[{"href":"https:\/\/www.csipacific.ca\/fr\/wp-json\/wp\/v2\/pages\/29631","targetHints":{"allow":["GET"]}}],"collection":[{"href":"https:\/\/www.csipacific.ca\/fr\/wp-json\/wp\/v2\/pages"}],"about":[{"href":"https:\/\/www.csipacific.ca\/fr\/wp-json\/wp\/v2\/types\/page"}],"author":[{"embeddable":true,"href":"https:\/\/www.csipacific.ca\/fr\/wp-json\/wp\/v2\/users\/2"}],"replies":[{"embeddable":true,"href":"https:\/\/www.csipacific.ca\/fr\/wp-json\/wp\/v2\/comments?post=29631"}],"version-history":[{"count":4,"href":"https:\/\/www.csipacific.ca\/fr\/wp-json\/wp\/v2\/pages\/29631\/revisions"}],"predecessor-version":[{"id":29636,"href":"https:\/\/www.csipacific.ca\/fr\/wp-json\/wp\/v2\/pages\/29631\/revisions\/29636"}],"up":[{"embeddable":true,"href":"https:\/\/www.csipacific.ca\/fr\/wp-json\/wp\/v2\/pages\/26697"}],"wp:attachment":[{"href":"https:\/\/www.csipacific.ca\/fr\/wp-json\/wp\/v2\/media?parent=29631"}],"curies":[{"name":"wp","href":"https:\/\/api.w.org\/{rel}","templated":true}]}}