{"id":29596,"date":"2017-07-28T01:38:56","date_gmt":"2017-07-28T08:38:56","guid":{"rendered":"https:\/\/www.csipacific.ca\/?page_id=29596"},"modified":"2025-08-19T12:25:36","modified_gmt":"2025-08-19T19:25:36","slug":"faites-un-don","status":"publish","type":"page","link":"https:\/\/www.csipacific.ca\/fr\/qui-nous-sommes\/faites-un-don\/","title":{"rendered":"Faites un don"},"content":{"rendered":"\t\t<div data-elementor-type=\"wp-page\" data-elementor-id=\"29596\" class=\"elementor elementor-29596 elementor-9728\">\n\t\t\t\t\t\t<section class=\"elementor-section elementor-top-section elementor-element elementor-element-3423e53c elementor-section-boxed elementor-section-height-default elementor-section-height-default\" data-id=\"3423e53c\" data-element_type=\"section\" data-e-type=\"section\">\n\t\t\t\t\t\t<div class=\"elementor-container elementor-column-gap-default\">\n\t\t\t\t\t<div class=\"elementor-column elementor-col-100 elementor-top-column elementor-element elementor-element-15127ef\" data-id=\"15127ef\" data-element_type=\"column\" data-e-type=\"column\">\n\t\t\t<div class=\"elementor-widget-wrap elementor-element-populated\">\n\t\t\t\t\t\t<section class=\"elementor-section elementor-inner-section elementor-element elementor-element-2eeccc5 elementor-reverse-mobile elementor-section-boxed elementor-section-height-default elementor-section-height-default\" data-id=\"2eeccc5\" data-element_type=\"section\" data-e-type=\"section\">\n\t\t\t\t\t\t<div class=\"elementor-container elementor-column-gap-wider\">\n\t\t\t\t\t<div class=\"elementor-column elementor-col-50 elementor-inner-column elementor-element elementor-element-37d9aa1\" data-id=\"37d9aa1\" data-element_type=\"column\" data-e-type=\"column\">\n\t\t\t<div class=\"elementor-widget-wrap elementor-element-populated\">\n\t\t\t\t\t\t<div class=\"elementor-element elementor-element-5810088 elementor-widget elementor-widget-heading\" data-id=\"5810088\" data-element_type=\"widget\" data-e-type=\"widget\" data-widget_type=\"heading.default\">\n\t\t\t\t<div class=\"elementor-widget-container\">\n\t\t\t\t\t<h2 class=\"elementor-heading-title elementor-size-default\">Fonds Avantage \u00c9quipe Locale<\/h2>\t\t\t\t<\/div>\n\t\t\t\t<\/div>\n\t\t\t\t<div class=\"elementor-element elementor-element-c6af295 elementor-widget elementor-widget-text-editor\" data-id=\"c6af295\" data-element_type=\"widget\" data-e-type=\"widget\" data-widget_type=\"text-editor.default\">\n\t\t\t\t<div class=\"elementor-widget-container\">\n\t\t\t\t\t\t\t\t\t<p data-start=\"152\" data-end=\"364\">Il faut toute une communaut\u00e9 pour former un champion, et nous nous engageons \u00e0 b\u00e2tir un r\u00e9seau de soutien autour de nos futurs champions gr\u00e2ce au Fonds Avantage \u00c9quipe Locale.<\/p><p data-start=\"366\" data-end=\"556\">Nous appuyons fi\u00e8rement les r\u00eaves des athl\u00e8tes et entra\u00eeneurs de la Colombie-Britannique et vous invitons \u00e0 joindre l\u2019\u00e9quipe qui aide les athl\u00e8tes \u00e0 remporter des m\u00e9dailles pour le Canada.<\/p><p data-start=\"558\" data-end=\"757\">Gr\u00e2ce \u00e0 votre contribution directe, nous pouvons continuer \u00e0 avoir un impact consid\u00e9rable sur les performances de podium des athl\u00e8tes de la Colombie-Britannique, partout au Canada et dans le monde.<\/p><p data-start=\"759\" data-end=\"893\">Pour en savoir plus sur l\u2019Institut canadien du sport Pacifique et pour discuter de votre don, veuillez communiquer avec CSI Pacific.<\/p>\t\t\t\t\t\t\t\t<\/div>\n\t\t\t\t<\/div>\n\t\t\t\t<div class=\"elementor-element elementor-element-202f741 elementor-widget elementor-widget-text-editor\" data-id=\"202f741\" data-element_type=\"widget\" data-e-type=\"widget\" data-widget_type=\"text-editor.default\">\n\t\t\t\t<div class=\"elementor-widget-container\">\n\t\t\t\t\t\t\t\t\t<form action=\"https:\/\/www.paypal.com\/cgi-bin\/webscr\" method=\"post\" target=\"_top\"><input name=\"cmd\" type=\"hidden\" value=\"_s-xclick\" \/>\n<input name=\"hosted_button_id\" type=\"hidden\" value=\"VNJPDH64ZX9Y6\" \/>\n<input alt=\"PayPal - The safer, easier way to pay online!\" height=\"auto\" name=\"submit\" src=\"https:\/\/raw.githubusercontent.com\/aha999\/DonateButtons\/master\/Paypal.png\" type=\"image\" width=\"200\" \/>\n<img decoding=\"async\" src=\"https:\/\/www.paypalobjects.com\/en_US\/i\/scr\/pixel.gif\" alt=\"\" width=\"1\" height=\"1\" border=\"0\" \/><\/form>\t\t\t\t\t\t\t\t<\/div>\n\t\t\t\t<\/div>\n\t\t\t\t\t<\/div>\n\t\t<\/div>\n\t\t\t\t<div class=\"elementor-column elementor-col-50 elementor-inner-column elementor-element elementor-element-b20dfa5\" data-id=\"b20dfa5\" data-element_type=\"column\" data-e-type=\"column\">\n\t\t\t<div class=\"elementor-widget-wrap elementor-element-populated\">\n\t\t\t\t\t\t<div class=\"elementor-element elementor-element-cf15637 elementor-widget elementor-widget-image\" data-id=\"cf15637\" data-element_type=\"widget\" data-e-type=\"widget\" data-widget_type=\"image.default\">\n\t\t\t\t<div class=\"elementor-widget-container\">\n\t\t\t\t\t\t\t\t\t\t\t\t\t\t\t<img fetchpriority=\"high\" decoding=\"async\" width=\"1033\" height=\"1033\" src=\"https:\/\/www.csipacific.ca\/wp-content\/uploads\/2025\/08\/IC-Standards_Trustmark_Stacked_Colour_Bilingual.png\" class=\"attachment-full size-full wp-image-29601\" alt=\"Imagine Canada\" srcset=\"https:\/\/www.csipacific.ca\/wp-content\/uploads\/2025\/08\/IC-Standards_Trustmark_Stacked_Colour_Bilingual.png 1033w, https:\/\/www.csipacific.ca\/wp-content\/uploads\/2025\/08\/IC-Standards_Trustmark_Stacked_Colour_Bilingual-300x300.png 300w, https:\/\/www.csipacific.ca\/wp-content\/uploads\/2025\/08\/IC-Standards_Trustmark_Stacked_Colour_Bilingual-1024x1024.png 1024w, https:\/\/www.csipacific.ca\/wp-content\/uploads\/2025\/08\/IC-Standards_Trustmark_Stacked_Colour_Bilingual-150x150.png 150w, https:\/\/www.csipacific.ca\/wp-content\/uploads\/2025\/08\/IC-Standards_Trustmark_Stacked_Colour_Bilingual-768x768.png 768w\" sizes=\"(max-width: 1033px) 100vw, 1033px\" \/>\t\t\t\t\t\t\t\t\t\t\t\t\t\t\t<\/div>\n\t\t\t\t<\/div>\n\t\t\t\t\t<\/div>\n\t\t<\/div>\n\t\t\t\t\t<\/div>\n\t\t<\/section>\n\t\t\t\t<div class=\"elementor-element elementor-element-c252f17 elementor-widget-divider--view-line_icon elementor-view-default elementor-widget-divider--element-align-center elementor-widget elementor-widget-divider\" data-id=\"c252f17\" data-element_type=\"widget\" data-e-type=\"widget\" data-widget_type=\"divider.default\">\n\t\t\t\t<div class=\"elementor-widget-container\">\n\t\t\t\t\t\t\t<div class=\"elementor-divider\">\n\t\t\t<span class=\"elementor-divider-separator\">\n\t\t\t\t\t\t\t<div class=\"elementor-icon elementor-divider__element\">\n\t\t\t\t\t<i aria-hidden=\"true\" class=\"fab fa-canadian-maple-leaf\"><\/i><\/div>\n\t\t\t\t\t\t<\/span>\n\t\t<\/div>\n\t\t\t\t\t\t<\/div>\n\t\t\t\t<\/div>\n\t\t\t\t<section class=\"elementor-section elementor-inner-section elementor-element elementor-element-744930f elementor-section-boxed elementor-section-height-default elementor-section-height-default\" data-id=\"744930f\" data-element_type=\"section\" data-e-type=\"section\">\n\t\t\t\t\t\t<div class=\"elementor-container elementor-column-gap-wider\">\n\t\t\t\t\t<div class=\"elementor-column elementor-col-50 elementor-inner-column elementor-element elementor-element-3e15e91\" data-id=\"3e15e91\" data-element_type=\"column\" data-e-type=\"column\">\n\t\t\t<div class=\"elementor-widget-wrap elementor-element-populated\">\n\t\t\t\t\t\t<div class=\"elementor-element elementor-element-378fe6f elementor-widget elementor-widget-heading\" data-id=\"378fe6f\" data-element_type=\"widget\" data-e-type=\"widget\" data-widget_type=\"heading.default\">\n\t\t\t\t<div class=\"elementor-widget-container\">\n\t\t\t\t\t<h3 class=\"elementor-heading-title elementor-size-default\">Comment votre soutien fait la diff\u00e9rence<\/h3>\t\t\t\t<\/div>\n\t\t\t\t<\/div>\n\t\t\t\t<div class=\"elementor-element elementor-element-4212949 elementor-widget elementor-widget-text-editor\" data-id=\"4212949\" data-element_type=\"widget\" data-e-type=\"widget\" data-widget_type=\"text-editor.default\">\n\t\t\t\t<div class=\"elementor-widget-container\">\n\t\t\t\t\t\t\t\t\t<p>Lorsque vous donnez au Fonds Avantage \u00c9quipe Locale de l\u2019Institut canadien du sport Pacifique, votre appui garantit que les athl\u00e8tes et les entra\u00eeneurs disposent de tous les atouts pour performer sur la sc\u00e8ne mondiale. Votre soutien permet aux athl\u00e8tes de la Colombie-Britannique de b\u00e9n\u00e9ficier de notre \u00e9quipe hautement qualifi\u00e9e et innovante compos\u00e9e de di\u00e9t\u00e9tistes du sport, de consultants en performance mentale, de physiologistes, d\u2019entra\u00eeneurs en musculation et en conditionnement physique, d\u2019analystes de performance, et plus encore.<\/p>\t\t\t\t\t\t\t\t<\/div>\n\t\t\t\t<\/div>\n\t\t\t\t<div class=\"elementor-element elementor-element-90432e4 elementor-widget elementor-widget-text-editor\" data-id=\"90432e4\" data-element_type=\"widget\" data-e-type=\"widget\" data-widget_type=\"text-editor.default\">\n\t\t\t\t<div class=\"elementor-widget-container\">\n\t\t\t\t\t\t\t\t\t<p>\u00ab Gagner des m\u00e9dailles aux Jeux olympiques de Beijing (2008) et de Londres (2012) a \u00e9t\u00e9 une exp\u00e9rience incroyable. Alors que moi et d\u2019autres athl\u00e8tes de la Colombie-Britannique nous pr\u00e9parons pour les Jeux de 2016 \u00e0 Rio de Janeiro, je vous invite \u00e0 faire une diff\u00e9rence en donnant au Fonds Avantage \u00c9quipe Locale. Je suis convaincu que les athl\u00e8tes de la C.-B. peuvent continuer \u00e0 mener le pays en ramenant des m\u00e9dailles pour le Canada. Comme moi, ces athl\u00e8tes ont besoin d\u2019un environnement d\u2019entra\u00eenement quotidien de calibre mondial compos\u00e9 de programmes structur\u00e9s, d\u2019installations am\u00e9lior\u00e9es, d\u2019entra\u00eeneurs qualifi\u00e9s et de soutien financier afin d\u2019atteindre l\u2019excellence et de monter sur le podium. \u00bb<\/p><p>\u2013\u00a0<strong>Ryan Cochrane<\/strong><br \/>M\u00e9daill\u00e9 d\u2019argent olympique (2012), m\u00e9daill\u00e9 de bronze (2008)<br data-start=\"2288\" data-end=\"2291\" \/>M\u00e9daill\u00e9 d\u2019argent mondial 1500 m (2009, 2011) et 800 m (2011)<\/p>\t\t\t\t\t\t\t\t<\/div>\n\t\t\t\t<\/div>\n\t\t\t\t\t<\/div>\n\t\t<\/div>\n\t\t\t\t<div class=\"elementor-column elementor-col-50 elementor-inner-column elementor-element elementor-element-b7c50d1\" data-id=\"b7c50d1\" data-element_type=\"column\" data-e-type=\"column\">\n\t\t\t<div class=\"elementor-widget-wrap elementor-element-populated\">\n\t\t\t\t\t\t<div class=\"elementor-element elementor-element-dc64454 elementor-widget elementor-widget-heading\" data-id=\"dc64454\" data-element_type=\"widget\" data-e-type=\"widget\" data-widget_type=\"heading.default\">\n\t\t\t\t<div class=\"elementor-widget-container\">\n\t\t\t\t\t<h3 class=\"elementor-heading-title elementor-size-default\">Politiques de collecte de fonds et de dons<\/h3>\t\t\t\t<\/div>\n\t\t\t\t<\/div>\n\t\t\t\t<div class=\"elementor-element elementor-element-515b948 elementor-widget elementor-widget-text-editor\" data-id=\"515b948\" data-element_type=\"widget\" data-e-type=\"widget\" data-widget_type=\"text-editor.default\">\n\t\t\t\t<div class=\"elementor-widget-container\">\n\t\t\t\t\t\t\t\t\t<ul>\n \t<li>Consultez les Politiques de collecte de fonds et de dons de l\u2019Institut canadien du sport Pacifique<\/li>\n<\/ul>\nNum\u00e9ro d\u2019enregistrement de notre association canadienne enregistr\u00e9e de sport amateur : <strong data-start=\"2604\" data-end=\"2623\">865655195RR0001<\/strong>\t\t\t\t\t\t\t\t<\/div>\n\t\t\t\t<\/div>\n\t\t\t\t\t<\/div>\n\t\t<\/div>\n\t\t\t\t\t<\/div>\n\t\t<\/section>\n\t\t\t\t\t<\/div>\n\t\t<\/div>\n\t\t\t\t\t<\/div>\n\t\t<\/section>\n\t\t\t\t<\/div>\n\t\t","protected":false},"excerpt":{"rendered":"<p>Fonds Avantage \u00c9quipe Locale Il faut toute une communaut\u00e9 pour former un champion, et nous nous engageons \u00e0 b\u00e2tir un r\u00e9seau de soutien autour de nos futurs champions gr\u00e2ce au Fonds Avantage \u00c9quipe Locale. Nous appuyons fi\u00e8rement les r\u00eaves des athl\u00e8tes et entra\u00eeneurs de la Colombie-Britannique et vous invitons \u00e0 joindre l\u2019\u00e9quipe qui aide les&hellip;<\/p>\n","protected":false},"author":2,"featured_media":0,"parent":26760,"menu_order":0,"comment_status":"closed","ping_status":"closed","template":"","meta":{"give_campaign_id":0,"footnotes":""},"class_list":["post-29596","page","type-page","status-publish","hentry"],"campaignId":"","_links":{"self":[{"href":"https:\/\/www.csipacific.ca\/fr\/wp-json\/wp\/v2\/pages\/29596","targetHints":{"allow":["GET"]}}],"collection":[{"href":"https:\/\/www.csipacific.ca\/fr\/wp-json\/wp\/v2\/pages"}],"about":[{"href":"https:\/\/www.csipacific.ca\/fr\/wp-json\/wp\/v2\/types\/page"}],"author":[{"embeddable":true,"href":"https:\/\/www.csipacific.ca\/fr\/wp-json\/wp\/v2\/users\/2"}],"replies":[{"embeddable":true,"href":"https:\/\/www.csipacific.ca\/fr\/wp-json\/wp\/v2\/comments?post=29596"}],"version-history":[{"count":8,"href":"https:\/\/www.csipacific.ca\/fr\/wp-json\/wp\/v2\/pages\/29596\/revisions"}],"predecessor-version":[{"id":29606,"href":"https:\/\/www.csipacific.ca\/fr\/wp-json\/wp\/v2\/pages\/29596\/revisions\/29606"}],"up":[{"embeddable":true,"href":"https:\/\/www.csipacific.ca\/fr\/wp-json\/wp\/v2\/pages\/26760"}],"wp:attachment":[{"href":"https:\/\/www.csipacific.ca\/fr\/wp-json\/wp\/v2\/media?parent=29596"}],"curies":[{"name":"wp","href":"https:\/\/api.w.org\/{rel}","templated":true}]}}