{"id":26983,"date":"2024-07-08T13:49:55","date_gmt":"2024-07-08T20:49:55","guid":{"rendered":"https:\/\/www.csipacific.ca\/?page_id=26983"},"modified":"2025-08-22T12:45:36","modified_gmt":"2025-08-22T19:45:36","slug":"a-propos-de-lics-pacifique","status":"publish","type":"page","link":"https:\/\/www.csipacific.ca\/fr\/qui-nous-sommes\/a-propos-de-lics-pacifique\/","title":{"rendered":"\u00c0 propos de l&rsquo;ICS Pacifique"},"content":{"rendered":"\t\t<div data-elementor-type=\"wp-page\" data-elementor-id=\"26983\" class=\"elementor elementor-26983 elementor-26976\">\n\t\t\t\t\t\t<section class=\"elementor-section elementor-top-section elementor-element elementor-element-6d1a5bb elementor-section-boxed elementor-section-height-default elementor-section-height-default\" data-id=\"6d1a5bb\" data-element_type=\"section\" data-e-type=\"section\">\n\t\t\t\t\t\t<div class=\"elementor-container elementor-column-gap-default\">\n\t\t\t\t\t<div class=\"elementor-column elementor-col-100 elementor-top-column elementor-element elementor-element-c191789\" data-id=\"c191789\" data-element_type=\"column\" data-e-type=\"column\">\n\t\t\t<div class=\"elementor-widget-wrap elementor-element-populated\">\n\t\t\t\t\t\t<section class=\"elementor-section elementor-inner-section elementor-element elementor-element-0170835 elementor-reverse-mobile elementor-section-boxed elementor-section-height-default elementor-section-height-default\" data-id=\"0170835\" data-element_type=\"section\" data-e-type=\"section\">\n\t\t\t\t\t\t<div class=\"elementor-container elementor-column-gap-default\">\n\t\t\t\t\t<div class=\"elementor-column elementor-col-50 elementor-inner-column elementor-element elementor-element-f3782e6\" data-id=\"f3782e6\" data-element_type=\"column\" data-e-type=\"column\">\n\t\t\t<div class=\"elementor-widget-wrap elementor-element-populated\">\n\t\t\t\t\t\t<div class=\"elementor-element elementor-element-7008d30 elementor-widget elementor-widget-heading\" data-id=\"7008d30\" data-element_type=\"widget\" data-e-type=\"widget\" data-widget_type=\"heading.default\">\n\t\t\t\t<div class=\"elementor-widget-container\">\n\t\t\t\t\t<h2 class=\"elementor-heading-title elementor-size-default\">Propulser la Performance. \nInspirer l'Excellence.<\/h2>\t\t\t\t<\/div>\n\t\t\t\t<\/div>\n\t\t\t\t<div class=\"elementor-element elementor-element-54fe65a elementor-widget__width-initial elementor-widget elementor-widget-text-editor\" data-id=\"54fe65a\" data-element_type=\"widget\" data-e-type=\"widget\" data-widget_type=\"text-editor.default\">\n\t\t\t\t<div class=\"elementor-widget-container\">\n\t\t\t\t\t\t\t\t\t<p>L\u2019Institut Canadien du Sport Pacifique (ICS Pacifique) est le c\u0153ur du sport de haute performance au Canada, offrant des environnements d\u2019entra\u00eenement olympique et paralympique de classe mondiale \u00e0 Vancouver, Whistler et Victoria. Nous sommes d\u00e9di\u00e9s \u00e0\u00a0<strong>Propulser la Performance<\/strong>\u00a0et \u00e0\u00a0<strong>Inspirer l\u2019Excellence<\/strong>.<\/p><p>Aliment\u00e9s par nos partenariats avec les organisations sportives nationales, notre mission est de\u00a0<em><strong>C<\/strong>ollaborer.\u00a0<strong>S<\/strong>ervir.\u00a0<strong>I<\/strong>nnover.\u00a0<strong>P<\/strong>erformer<\/em>.<\/p><p>Notre \u00e9quipe d\u2019\u00e9lite compos\u00e9e d\u2019experts en sciences du sport, en m\u00e9decine du sport, en coaching et en services de vie offre des services et des programmes de pointe qui permettent aux athl\u00e8tes et aux entra\u00eeneurs d\u2019atteindre leur plus haut potentiel et de rapporter des m\u00e9dailles pour le Canada.<\/p>\t\t\t\t\t\t\t\t<\/div>\n\t\t\t\t<\/div>\n\t\t\t\t\t<\/div>\n\t\t<\/div>\n\t\t\t\t<div class=\"elementor-column elementor-col-50 elementor-inner-column elementor-element elementor-element-86b6874\" data-id=\"86b6874\" data-element_type=\"column\" data-e-type=\"column\">\n\t\t\t<div class=\"elementor-widget-wrap elementor-element-populated\">\n\t\t\t\t\t\t<div class=\"elementor-element elementor-element-eb4f5a7 elementor-widget elementor-widget-image\" data-id=\"eb4f5a7\" data-element_type=\"widget\" data-e-type=\"widget\" data-widget_type=\"image.default\">\n\t\t\t\t<div class=\"elementor-widget-container\">\n\t\t\t\t\t\t\t\t\t\t\t\t\t\t\t<img fetchpriority=\"high\" decoding=\"async\" width=\"900\" height=\"600\" src=\"https:\/\/www.csipacific.ca\/wp-content\/uploads\/2024\/07\/Who-We-Are.jpg\" class=\"attachment-full size-full wp-image-26391\" alt=\"Canadian Sport Institute Pacific - CSI Pacific\" srcset=\"https:\/\/www.csipacific.ca\/wp-content\/uploads\/2024\/07\/Who-We-Are.jpg 900w, https:\/\/www.csipacific.ca\/wp-content\/uploads\/2024\/07\/Who-We-Are-300x200.jpg 300w, https:\/\/www.csipacific.ca\/wp-content\/uploads\/2024\/07\/Who-We-Are-768x512.jpg 768w\" sizes=\"(max-width: 900px) 100vw, 900px\" \/>\t\t\t\t\t\t\t\t\t\t\t\t\t\t\t<\/div>\n\t\t\t\t<\/div>\n\t\t\t\t\t<\/div>\n\t\t<\/div>\n\t\t\t\t\t<\/div>\n\t\t<\/section>\n\t\t\t\t<div class=\"elementor-element elementor-element-29718e8 elementor-widget-divider--view-line_icon elementor-view-default elementor-widget-divider--element-align-center elementor-widget elementor-widget-divider\" data-id=\"29718e8\" data-element_type=\"widget\" data-e-type=\"widget\" data-widget_type=\"divider.default\">\n\t\t\t\t<div class=\"elementor-widget-container\">\n\t\t\t\t\t\t\t<div class=\"elementor-divider\">\n\t\t\t<span class=\"elementor-divider-separator\">\n\t\t\t\t\t\t\t<div class=\"elementor-icon elementor-divider__element\">\n\t\t\t\t\t<i aria-hidden=\"true\" class=\"fab fa-canadian-maple-leaf\"><\/i><\/div>\n\t\t\t\t\t\t<\/span>\n\t\t<\/div>\n\t\t\t\t\t\t<\/div>\n\t\t\t\t<\/div>\n\t\t\t\t<section class=\"elementor-section elementor-inner-section elementor-element elementor-element-6c7d4b5 elementor-section-boxed elementor-section-height-default elementor-section-height-default\" data-id=\"6c7d4b5\" data-element_type=\"section\" data-e-type=\"section\">\n\t\t\t\t\t\t<div class=\"elementor-container elementor-column-gap-wider\">\n\t\t\t\t\t<div class=\"elementor-column elementor-col-50 elementor-inner-column elementor-element elementor-element-6202668\" data-id=\"6202668\" data-element_type=\"column\" data-e-type=\"column\">\n\t\t\t<div class=\"elementor-widget-wrap elementor-element-populated\">\n\t\t\t\t\t\t<div class=\"elementor-element elementor-element-c13630f elementor-widget elementor-widget-heading\" data-id=\"c13630f\" data-element_type=\"widget\" data-e-type=\"widget\" data-widget_type=\"heading.default\">\n\t\t\t\t<div class=\"elementor-widget-container\">\n\t\t\t\t\t<h3 class=\"elementor-heading-title elementor-size-default\">Repousser les limites de l'excellence<\/h3>\t\t\t\t<\/div>\n\t\t\t\t<\/div>\n\t\t\t\t<div class=\"elementor-element elementor-element-6bf757b elementor-widget elementor-widget-text-editor\" data-id=\"6bf757b\" data-element_type=\"widget\" data-e-type=\"widget\" data-widget_type=\"text-editor.default\">\n\t\t\t\t<div class=\"elementor-widget-container\">\n\t\t\t\t\t\t\t\t\t<p>Chez ICS Pacifique, nous repoussons les limites de l\u2019excellence gr\u00e2ce \u00e0 des services complets, y compris l\u2019analyse de performance de pr\u00e9cision, des tests physiologiques de pointe, des programmes personnalis\u00e9s de force et de conditionnement, et des conseils experts en nutrition sportive. Nos services de performance mentale et de sant\u00e9 assurent le bien-\u00eatre et la r\u00e9silience des athl\u00e8tes. Nous exploitons des technologies innovantes et des solutions de donn\u00e9es pour optimiser chaque aspect de l\u2019entra\u00eenement. Au-del\u00e0 du sport, notre programme Game Plan soutient les athl\u00e8tes dans la r\u00e9alisation d\u2019un succ\u00e8s holistique, en se concentrant sur la sant\u00e9, l\u2019\u00e9ducation et les opportunit\u00e9s de carri\u00e8re.<\/p>\t\t\t\t\t\t\t\t<\/div>\n\t\t\t\t<\/div>\n\t\t\t\t<div class=\"elementor-element elementor-element-3e6faab elementor-widget-divider--view-line_icon elementor-view-default elementor-widget-divider--element-align-center elementor-widget elementor-widget-divider\" data-id=\"3e6faab\" data-element_type=\"widget\" data-e-type=\"widget\" data-widget_type=\"divider.default\">\n\t\t\t\t<div class=\"elementor-widget-container\">\n\t\t\t\t\t\t\t<div class=\"elementor-divider\">\n\t\t\t<span class=\"elementor-divider-separator\">\n\t\t\t\t\t\t\t<div class=\"elementor-icon elementor-divider__element\">\n\t\t\t\t\t<i aria-hidden=\"true\" class=\"fab fa-canadian-maple-leaf\"><\/i><\/div>\n\t\t\t\t\t\t<\/span>\n\t\t<\/div>\n\t\t\t\t\t\t<\/div>\n\t\t\t\t<\/div>\n\t\t\t\t\t<\/div>\n\t\t<\/div>\n\t\t\t\t<div class=\"elementor-column elementor-col-50 elementor-inner-column elementor-element elementor-element-ae52c7d\" data-id=\"ae52c7d\" data-element_type=\"column\" data-e-type=\"column\">\n\t\t\t<div class=\"elementor-widget-wrap elementor-element-populated\">\n\t\t\t\t\t\t<div class=\"elementor-element elementor-element-b93ec6f elementor-widget elementor-widget-heading\" data-id=\"b93ec6f\" data-element_type=\"widget\" data-e-type=\"widget\" data-widget_type=\"heading.default\">\n\t\t\t\t<div class=\"elementor-widget-container\">\n\t\t\t\t\t<h3 class=\"elementor-heading-title elementor-size-default\">Leader dans le Domaine<\/h3>\t\t\t\t<\/div>\n\t\t\t\t<\/div>\n\t\t\t\t<div class=\"elementor-element elementor-element-7fbf247 elementor-widget elementor-widget-image\" data-id=\"7fbf247\" data-element_type=\"widget\" data-e-type=\"widget\" data-widget_type=\"image.default\">\n\t\t\t\t<div class=\"elementor-widget-container\">\n\t\t\t\t\t\t\t\t\t\t\t\t\t\t\t<img decoding=\"async\" src=\"https:\/\/www.csipacific.ca\/wp-content\/uploads\/elementor\/thumbs\/IC-Standards_Trustmark_Stacked_Colour_Bilingual-rai2a40u14yxjnlb1qqv1bo3q7quh5ubxjcpe3b6ic.png\" title=\"IC-Standards_Trustmark_Stacked_Colour_Bilingual\" alt=\"Imagine Canada\" loading=\"lazy\" \/>\t\t\t\t\t\t\t\t\t\t\t\t\t\t\t<\/div>\n\t\t\t\t<\/div>\n\t\t\t\t<div class=\"elementor-element elementor-element-ac28f6b elementor-widget elementor-widget-text-editor\" data-id=\"ac28f6b\" data-element_type=\"widget\" data-e-type=\"widget\" data-widget_type=\"text-editor.default\">\n\t\t\t\t<div class=\"elementor-widget-container\">\n\t\t\t\t\t\t\t\t\t<p>L\u2019Institut Canadien du Sport Pacifique a re\u00e7u l\u2019accr\u00e9ditation du\u00a0<a href=\"https:\/\/imaginecanada.ca\/fr\" target=\"_blank\" rel=\"noopener\">Programme de normes Imagine Canada<\/a>.\u00a0Ce programme est destin\u00e9 aux organismes de bienfaisance et sans but lucratif canadiens qui d\u00e9montrent l\u2019excellence dans cinq domaines d\u2019op\u00e9ration :<\/p><ul><li>Gouvernance du conseil d\u2019administration<\/li><li>Responsabilit\u00e9 financi\u00e8re et transparence<\/li><li>Collecte de fonds<\/li><li>Gestion du personnel<\/li><li>Implication des b\u00e9n\u00e9voles<\/li><\/ul>\t\t\t\t\t\t\t\t<\/div>\n\t\t\t\t<\/div>\n\t\t\t\t\t<\/div>\n\t\t<\/div>\n\t\t\t\t\t<\/div>\n\t\t<\/section>\n\t\t\t\t\t<\/div>\n\t\t<\/div>\n\t\t\t\t\t<\/div>\n\t\t<\/section>\n\t\t\t\t<\/div>\n\t\t","protected":false},"excerpt":{"rendered":"<p>Propulser la Performance. Inspirer l&rsquo;Excellence. L\u2019Institut Canadien du Sport Pacifique (ICS Pacifique) est le c\u0153ur du sport de haute performance au Canada, offrant des environnements d\u2019entra\u00eenement olympique et paralympique de classe mondiale \u00e0 Vancouver, Whistler et Victoria. Nous sommes d\u00e9di\u00e9s \u00e0\u00a0Propulser la Performance\u00a0et \u00e0\u00a0Inspirer l\u2019Excellence. Aliment\u00e9s par nos partenariats avec les organisations sportives nationales, notre&hellip;<\/p>\n","protected":false},"author":2,"featured_media":0,"parent":26760,"menu_order":0,"comment_status":"closed","ping_status":"closed","template":"","meta":{"give_campaign_id":0,"footnotes":""},"class_list":["post-26983","page","type-page","status-publish","hentry"],"campaignId":"","_links":{"self":[{"href":"https:\/\/www.csipacific.ca\/fr\/wp-json\/wp\/v2\/pages\/26983","targetHints":{"allow":["GET"]}}],"collection":[{"href":"https:\/\/www.csipacific.ca\/fr\/wp-json\/wp\/v2\/pages"}],"about":[{"href":"https:\/\/www.csipacific.ca\/fr\/wp-json\/wp\/v2\/types\/page"}],"author":[{"embeddable":true,"href":"https:\/\/www.csipacific.ca\/fr\/wp-json\/wp\/v2\/users\/2"}],"replies":[{"embeddable":true,"href":"https:\/\/www.csipacific.ca\/fr\/wp-json\/wp\/v2\/comments?post=26983"}],"version-history":[{"count":7,"href":"https:\/\/www.csipacific.ca\/fr\/wp-json\/wp\/v2\/pages\/26983\/revisions"}],"predecessor-version":[{"id":29687,"href":"https:\/\/www.csipacific.ca\/fr\/wp-json\/wp\/v2\/pages\/26983\/revisions\/29687"}],"up":[{"embeddable":true,"href":"https:\/\/www.csipacific.ca\/fr\/wp-json\/wp\/v2\/pages\/26760"}],"wp:attachment":[{"href":"https:\/\/www.csipacific.ca\/fr\/wp-json\/wp\/v2\/media?parent=26983"}],"curies":[{"name":"wp","href":"https:\/\/api.w.org\/{rel}","templated":true}]}}