{"id":26793,"date":"2017-07-28T01:20:57","date_gmt":"2017-07-28T08:20:57","guid":{"rendered":"https:\/\/www.csipacific.ca\/?page_id=26793"},"modified":"2024-07-07T20:18:58","modified_gmt":"2024-07-08T03:18:58","slug":"alliance-regionale-du-sport","status":"publish","type":"page","link":"https:\/\/www.csipacific.ca\/fr\/qui-nous-sommes\/alliance-regionale-du-sport\/","title":{"rendered":"Alliance R\u00e9gionale du Sport"},"content":{"rendered":"\t\t<div data-elementor-type=\"wp-page\" data-elementor-id=\"26793\" class=\"elementor elementor-26793 elementor-9701\">\n\t\t\t\t\t\t<section class=\"elementor-section elementor-top-section elementor-element elementor-element-18d5402 elementor-section-boxed elementor-section-height-default elementor-section-height-default\" data-id=\"18d5402\" data-element_type=\"section\" data-e-type=\"section\">\n\t\t\t\t\t\t<div class=\"elementor-container elementor-column-gap-wider\">\n\t\t\t\t\t<div class=\"elementor-column elementor-col-100 elementor-top-column elementor-element elementor-element-82cf779\" data-id=\"82cf779\" data-element_type=\"column\" data-e-type=\"column\">\n\t\t\t<div class=\"elementor-widget-wrap elementor-element-populated\">\n\t\t\t\t\t\t<section class=\"elementor-section elementor-inner-section elementor-element elementor-element-f1b236d elementor-reverse-mobile elementor-section-boxed elementor-section-height-default elementor-section-height-default\" data-id=\"f1b236d\" data-element_type=\"section\" data-e-type=\"section\">\n\t\t\t\t\t\t<div class=\"elementor-container elementor-column-gap-default\">\n\t\t\t\t\t<div class=\"elementor-column elementor-col-66 elementor-inner-column elementor-element elementor-element-e9f13d3\" data-id=\"e9f13d3\" data-element_type=\"column\" data-e-type=\"column\">\n\t\t\t<div class=\"elementor-widget-wrap elementor-element-populated\">\n\t\t\t\t\t\t<div class=\"elementor-element elementor-element-dc1e578 elementor-widget elementor-widget-heading\" data-id=\"dc1e578\" data-element_type=\"widget\" data-e-type=\"widget\" data-widget_type=\"heading.default\">\n\t\t\t\t<div class=\"elementor-widget-container\">\n\t\t\t\t\t<h2 class=\"elementor-heading-title elementor-size-default\">Offrir l'Excellence Sportive Partout en C.-B.<\/h2>\t\t\t\t<\/div>\n\t\t\t\t<\/div>\n\t\t\t\t<div class=\"elementor-element elementor-element-1445b04 elementor-widget elementor-widget-text-editor\" data-id=\"1445b04\" data-element_type=\"widget\" data-e-type=\"widget\" data-widget_type=\"text-editor.default\">\n\t\t\t\t<div class=\"elementor-widget-container\">\n\t\t\t\t\t\t\t\t\t<p>Le partenariat de l&rsquo;Alliance R\u00e9gionale du Sport est un collectif d&rsquo;organisations provinciales de prestation de services sportifs passionn\u00e9es par l&rsquo;enrichissement des vies et la dynamisation des communaut\u00e9s par le sport.<\/p><p>Chaque organisation partenaire de l&rsquo;Alliance R\u00e9gionale du Sport propose des programmes exceptionnels, garantissant que tous les r\u00e9sidents de la Colombie-Britannique b\u00e9n\u00e9ficient d&rsquo;options de qualit\u00e9 pour mener une vie saine et active.<\/p><p>L&rsquo;Institut Canadien du Sport (Pacifique) est membre de l&rsquo;Alliance R\u00e9gionale du Sport. Cela inclut cinq centres PacificSport \u00e0 travers la C.-B. (\u00cele de Vancouver, Fraser Valley, Okanagan, Columbia Basin et Interior BC); Whistler Sport Legacies; Engage Sport North; et PISE (Pacific Institute for Sport Education).<\/p>\t\t\t\t\t\t\t\t<\/div>\n\t\t\t\t<\/div>\n\t\t\t\t<div class=\"elementor-element elementor-element-097cbfa elementor-widget elementor-widget-heading\" data-id=\"097cbfa\" data-element_type=\"widget\" data-e-type=\"widget\" data-widget_type=\"heading.default\">\n\t\t\t\t<div class=\"elementor-widget-container\">\n\t\t\t\t\t<h3 class=\"elementor-heading-title elementor-size-default\">Mission<\/h3>\t\t\t\t<\/div>\n\t\t\t\t<\/div>\n\t\t\t\t<div class=\"elementor-element elementor-element-9b88e3e elementor-widget elementor-widget-text-editor\" data-id=\"9b88e3e\" data-element_type=\"widget\" data-e-type=\"widget\" data-widget_type=\"text-editor.default\">\n\t\t\t\t<div class=\"elementor-widget-container\">\n\t\t\t\t\t\t\t\t\t<p>Travailler ensemble en utilisant des connaissances et des exp\u00e9riences collectives pour fournir des solutions qui \u00e9l\u00e8vent les personnes et le sport de qualit\u00e9.<\/p>\t\t\t\t\t\t\t\t<\/div>\n\t\t\t\t<\/div>\n\t\t\t\t\t<\/div>\n\t\t<\/div>\n\t\t\t\t<div class=\"elementor-column elementor-col-33 elementor-inner-column elementor-element elementor-element-7da41d6\" data-id=\"7da41d6\" data-element_type=\"column\" data-e-type=\"column\">\n\t\t\t<div class=\"elementor-widget-wrap elementor-element-populated\">\n\t\t\t\t\t\t<div class=\"elementor-element elementor-element-e676b51 elementor-widget elementor-widget-image\" data-id=\"e676b51\" data-element_type=\"widget\" data-e-type=\"widget\" data-widget_type=\"image.default\">\n\t\t\t\t<div class=\"elementor-widget-container\">\n\t\t\t\t\t\t\t\t\t\t\t\t\t\t\t<img fetchpriority=\"high\" decoding=\"async\" width=\"7299\" height=\"2454\" src=\"https:\/\/www.csipacific.ca\/wp-content\/uploads\/2024\/07\/logo-regional-alliance.png\" class=\"attachment-full size-full wp-image-26240\" alt=\"Regional Alliance\" srcset=\"https:\/\/www.csipacific.ca\/wp-content\/uploads\/2024\/07\/logo-regional-alliance.png 7299w, https:\/\/www.csipacific.ca\/wp-content\/uploads\/2024\/07\/logo-regional-alliance-300x101.png 300w, https:\/\/www.csipacific.ca\/wp-content\/uploads\/2024\/07\/logo-regional-alliance-1024x344.png 1024w, https:\/\/www.csipacific.ca\/wp-content\/uploads\/2024\/07\/logo-regional-alliance-768x258.png 768w, https:\/\/www.csipacific.ca\/wp-content\/uploads\/2024\/07\/logo-regional-alliance-1536x516.png 1536w, https:\/\/www.csipacific.ca\/wp-content\/uploads\/2024\/07\/logo-regional-alliance-2048x689.png 2048w\" sizes=\"(max-width: 7299px) 100vw, 7299px\" \/>\t\t\t\t\t\t\t\t\t\t\t\t\t\t\t<\/div>\n\t\t\t\t<\/div>\n\t\t\t\t<div class=\"elementor-element elementor-element-2b84da3 elementor-widget elementor-widget-image\" data-id=\"2b84da3\" data-element_type=\"widget\" data-e-type=\"widget\" data-widget_type=\"image.default\">\n\t\t\t\t<div class=\"elementor-widget-container\">\n\t\t\t\t\t\t\t\t\t\t\t\t\t\t\t<img decoding=\"async\" width=\"732\" height=\"1000\" src=\"https:\/\/www.csipacific.ca\/wp-content\/uploads\/2024\/07\/map-regional-alliance.png\" class=\"attachment-large size-large wp-image-26245\" alt=\"Regional Alliance Map\" srcset=\"https:\/\/www.csipacific.ca\/wp-content\/uploads\/2024\/07\/map-regional-alliance.png 732w, https:\/\/www.csipacific.ca\/wp-content\/uploads\/2024\/07\/map-regional-alliance-220x300.png 220w\" sizes=\"(max-width: 732px) 100vw, 732px\" \/>\t\t\t\t\t\t\t\t\t\t\t\t\t\t\t<\/div>\n\t\t\t\t<\/div>\n\t\t\t\t\t<\/div>\n\t\t<\/div>\n\t\t\t\t\t<\/div>\n\t\t<\/section>\n\t\t\t\t\t<\/div>\n\t\t<\/div>\n\t\t\t\t\t<\/div>\n\t\t<\/section>\n\t\t\t\t<\/div>\n\t\t","protected":false},"excerpt":{"rendered":"<p>Offrir l&rsquo;Excellence Sportive Partout en C.-B. Le partenariat de l&rsquo;Alliance R\u00e9gionale du Sport est un collectif d&rsquo;organisations provinciales de prestation de services sportifs passionn\u00e9es par l&rsquo;enrichissement des vies et la dynamisation des communaut\u00e9s par le sport. Chaque organisation partenaire de l&rsquo;Alliance R\u00e9gionale du Sport propose des programmes exceptionnels, garantissant que tous les r\u00e9sidents de la&hellip;<\/p>\n","protected":false},"author":2,"featured_media":0,"parent":26760,"menu_order":0,"comment_status":"closed","ping_status":"closed","template":"","meta":{"give_campaign_id":0,"footnotes":""},"class_list":["post-26793","page","type-page","status-publish","hentry"],"campaignId":"","_links":{"self":[{"href":"https:\/\/www.csipacific.ca\/fr\/wp-json\/wp\/v2\/pages\/26793","targetHints":{"allow":["GET"]}}],"collection":[{"href":"https:\/\/www.csipacific.ca\/fr\/wp-json\/wp\/v2\/pages"}],"about":[{"href":"https:\/\/www.csipacific.ca\/fr\/wp-json\/wp\/v2\/types\/page"}],"author":[{"embeddable":true,"href":"https:\/\/www.csipacific.ca\/fr\/wp-json\/wp\/v2\/users\/2"}],"replies":[{"embeddable":true,"href":"https:\/\/www.csipacific.ca\/fr\/wp-json\/wp\/v2\/comments?post=26793"}],"version-history":[{"count":4,"href":"https:\/\/www.csipacific.ca\/fr\/wp-json\/wp\/v2\/pages\/26793\/revisions"}],"predecessor-version":[{"id":26824,"href":"https:\/\/www.csipacific.ca\/fr\/wp-json\/wp\/v2\/pages\/26793\/revisions\/26824"}],"up":[{"embeddable":true,"href":"https:\/\/www.csipacific.ca\/fr\/wp-json\/wp\/v2\/pages\/26760"}],"wp:attachment":[{"href":"https:\/\/www.csipacific.ca\/fr\/wp-json\/wp\/v2\/media?parent=26793"}],"curies":[{"name":"wp","href":"https:\/\/api.w.org\/{rel}","templated":true}]}}