{"id":26788,"date":"2017-10-17T09:56:28","date_gmt":"2017-10-17T16:56:28","guid":{"rendered":"https:\/\/www.csipacific.ca\/?page_id=26788"},"modified":"2024-07-07T20:10:48","modified_gmt":"2024-07-08T03:10:48","slug":"reseau-risopc","status":"publish","type":"page","link":"https:\/\/www.csipacific.ca\/fr\/qui-nous-sommes\/reseau-risopc\/","title":{"rendered":"R\u00e9seau RISOPC"},"content":{"rendered":"\t\t<div data-elementor-type=\"wp-page\" data-elementor-id=\"26788\" class=\"elementor elementor-26788 elementor-12323\">\n\t\t\t\t\t\t<section class=\"elementor-section elementor-top-section elementor-element elementor-element-40a44b88 elementor-section-boxed elementor-section-height-default elementor-section-height-default\" data-id=\"40a44b88\" data-element_type=\"section\" data-e-type=\"section\">\n\t\t\t\t\t\t<div class=\"elementor-container elementor-column-gap-default\">\n\t\t\t\t\t<div class=\"elementor-column elementor-col-100 elementor-top-column elementor-element elementor-element-e2b3be7\" data-id=\"e2b3be7\" data-element_type=\"column\" data-e-type=\"column\">\n\t\t\t<div class=\"elementor-widget-wrap elementor-element-populated\">\n\t\t\t\t\t\t<section class=\"elementor-section elementor-inner-section elementor-element elementor-element-be4efb7 elementor-reverse-tablet elementor-reverse-mobile elementor-section-boxed elementor-section-height-default elementor-section-height-default\" data-id=\"be4efb7\" data-element_type=\"section\" data-e-type=\"section\">\n\t\t\t\t\t\t<div class=\"elementor-container elementor-column-gap-default\">\n\t\t\t\t\t<div class=\"elementor-column elementor-col-50 elementor-inner-column elementor-element elementor-element-c6e4ab6\" data-id=\"c6e4ab6\" data-element_type=\"column\" data-e-type=\"column\">\n\t\t\t<div class=\"elementor-widget-wrap elementor-element-populated\">\n\t\t\t\t\t\t<div class=\"elementor-element elementor-element-db8ff9a elementor-widget elementor-widget-heading\" data-id=\"db8ff9a\" data-element_type=\"widget\" data-e-type=\"widget\" data-widget_type=\"heading.default\">\n\t\t\t\t<div class=\"elementor-widget-container\">\n\t\t\t\t\t<h2 class=\"elementor-heading-title elementor-size-default\">Un R\u00e9seau National d'Instituts et de Centres Sportifs<\/h2>\t\t\t\t<\/div>\n\t\t\t\t<\/div>\n\t\t\t\t<div class=\"elementor-element elementor-element-b18650d elementor-widget elementor-widget-text-editor\" data-id=\"b18650d\" data-element_type=\"widget\" data-e-type=\"widget\" data-widget_type=\"text-editor.default\">\n\t\t\t\t<div class=\"elementor-widget-container\">\n\t\t\t\t\t\t\t\t\t<p>L&rsquo;Institut Canadien du Sport Pacifique est fier membre du <strong>R\u00e9seau des Instituts Canadiens du Sport Olympique et Paralympique (RISOPC)<\/strong>. RISOPC fournit des environnements d&rsquo;entra\u00eenement de classe mondiale aux athl\u00e8tes et entra\u00eeneurs d&rsquo;\u00e9lite \u00e0 travers le Canada. L&rsquo;\u00e9quipe d&rsquo;experts offre des services en sciences et m\u00e9decine du sport, en coaching, en recherche et innovation, en \u00e9ducation et en services de Game Plan pour propulser les performances de podium et aider le Canada \u00e0 remporter plus de m\u00e9dailles. Le R\u00e9seau comprend cinq Instituts Canadiens du Sport (Pacifique, Alberta, Ontario, Qu\u00e9bec et Atlantique) et deux Centres Canadiens du Sport (Saskatchewan et Manitoba).<\/p>\t\t\t\t\t\t\t\t<\/div>\n\t\t\t\t<\/div>\n\t\t\t\t<div class=\"elementor-element elementor-element-8a12067 elementor-widget elementor-widget-the7_button_widget\" data-id=\"8a12067\" data-element_type=\"widget\" data-e-type=\"widget\" data-widget_type=\"the7_button_widget.default\">\n\t\t\t\t<div class=\"elementor-widget-container\">\n\t\t\t\t\t<div class=\"elementor-button-wrapper\"><a href=\"https:\/\/risopc.ca\/\" target=\"_blank\" class=\"box-button elementor-button elementor-size-md\">Voir le site Web de RISOPC<i aria-hidden=\"true\" class=\"elementor-button-icon fas fa-arrow-circle-right\"><\/i><\/a><\/div>\t\t\t\t<\/div>\n\t\t\t\t<\/div>\n\t\t\t\t\t<\/div>\n\t\t<\/div>\n\t\t\t\t<div class=\"elementor-column elementor-col-50 elementor-inner-column elementor-element elementor-element-a66809d\" data-id=\"a66809d\" data-element_type=\"column\" data-e-type=\"column\">\n\t\t\t<div class=\"elementor-widget-wrap elementor-element-populated\">\n\t\t\t\t\t\t<div class=\"elementor-element elementor-element-b8be82b elementor-widget elementor-widget-image\" data-id=\"b8be82b\" data-element_type=\"widget\" data-e-type=\"widget\" data-widget_type=\"image.default\">\n\t\t\t\t<div class=\"elementor-widget-container\">\n\t\t\t\t\t\t\t\t\t\t\t\t\t\t\t<img fetchpriority=\"high\" decoding=\"async\" width=\"1024\" height=\"864\" src=\"https:\/\/www.csipacific.ca\/wp-content\/uploads\/2024\/06\/COPSIN-map-2024.png\" class=\"attachment-large size-large wp-image-22905\" alt=\"COPSIN\" srcset=\"https:\/\/www.csipacific.ca\/wp-content\/uploads\/2024\/06\/COPSIN-map-2024.png 1024w, https:\/\/www.csipacific.ca\/wp-content\/uploads\/2024\/06\/COPSIN-map-2024-300x253.png 300w, https:\/\/www.csipacific.ca\/wp-content\/uploads\/2024\/06\/COPSIN-map-2024-768x648.png 768w\" sizes=\"(max-width: 1024px) 100vw, 1024px\" \/>\t\t\t\t\t\t\t\t\t\t\t\t\t\t\t<\/div>\n\t\t\t\t<\/div>\n\t\t\t\t\t<\/div>\n\t\t<\/div>\n\t\t\t\t\t<\/div>\n\t\t<\/section>\n\t\t\t\t<div class=\"elementor-element elementor-element-1b6cf88 elementor-widget-divider--view-line_icon elementor-view-default elementor-widget-divider--element-align-center elementor-widget elementor-widget-divider\" data-id=\"1b6cf88\" data-element_type=\"widget\" data-e-type=\"widget\" data-widget_type=\"divider.default\">\n\t\t\t\t<div class=\"elementor-widget-container\">\n\t\t\t\t\t\t\t<div class=\"elementor-divider\">\n\t\t\t<span class=\"elementor-divider-separator\">\n\t\t\t\t\t\t\t<div class=\"elementor-icon elementor-divider__element\">\n\t\t\t\t\t<i aria-hidden=\"true\" class=\"fab fa-canadian-maple-leaf\"><\/i><\/div>\n\t\t\t\t\t\t<\/span>\n\t\t<\/div>\n\t\t\t\t\t\t<\/div>\n\t\t\t\t<\/div>\n\t\t\t\t<section class=\"elementor-section elementor-inner-section elementor-element elementor-element-c027ce1 elementor-section-boxed elementor-section-height-default elementor-section-height-default\" data-id=\"c027ce1\" data-element_type=\"section\" data-e-type=\"section\">\n\t\t\t\t\t\t<div class=\"elementor-container elementor-column-gap-wider\">\n\t\t\t\t\t<div class=\"elementor-column elementor-col-50 elementor-inner-column elementor-element elementor-element-7c59dea\" data-id=\"7c59dea\" data-element_type=\"column\" data-e-type=\"column\">\n\t\t\t<div class=\"elementor-widget-wrap elementor-element-populated\">\n\t\t\t\t\t\t<div class=\"elementor-element elementor-element-9a9cfe5 elementor-widget elementor-widget-heading\" data-id=\"9a9cfe5\" data-element_type=\"widget\" data-e-type=\"widget\" data-widget_type=\"heading.default\">\n\t\t\t\t<div class=\"elementor-widget-container\">\n\t\t\t\t\t<h3 class=\"elementor-heading-title elementor-size-default\">Vision<\/h3>\t\t\t\t<\/div>\n\t\t\t\t<\/div>\n\t\t\t\t<div class=\"elementor-element elementor-element-ab63d09 elementor-widget elementor-widget-text-editor\" data-id=\"ab63d09\" data-element_type=\"widget\" data-e-type=\"widget\" data-widget_type=\"text-editor.default\">\n\t\t\t\t<div class=\"elementor-widget-container\">\n\t\t\t\t\t\t\t\t\t<p>Le R\u00e9seau des Instituts Canadiens du Sport est un contributeur cl\u00e9 aux performances de podium olympiques et paralympiques de classe mondiale du Canada.<\/p>\t\t\t\t\t\t\t\t<\/div>\n\t\t\t\t<\/div>\n\t\t\t\t<div class=\"elementor-element elementor-element-0720970 elementor-widget elementor-widget-heading\" data-id=\"0720970\" data-element_type=\"widget\" data-e-type=\"widget\" data-widget_type=\"heading.default\">\n\t\t\t\t<div class=\"elementor-widget-container\">\n\t\t\t\t\t<h3 class=\"elementor-heading-title elementor-size-default\">Mission<\/h3>\t\t\t\t<\/div>\n\t\t\t\t<\/div>\n\t\t\t\t<div class=\"elementor-element elementor-element-0d961a4 elementor-widget elementor-widget-text-editor\" data-id=\"0d961a4\" data-element_type=\"widget\" data-e-type=\"widget\" data-widget_type=\"text-editor.default\">\n\t\t\t\t<div class=\"elementor-widget-container\">\n\t\t\t\t\t\t\t\t\t<p>Fournir un environnement d&rsquo;entra\u00eenement quotidien multisport de classe mondiale pour les athl\u00e8tes et les entra\u00eeneurs gr\u00e2ce \u00e0 un leadership expert, des services et des programmes.<\/p>\t\t\t\t\t\t\t\t<\/div>\n\t\t\t\t<\/div>\n\t\t\t\t<div class=\"elementor-element elementor-element-bd659b7 elementor-widget elementor-widget-heading\" data-id=\"bd659b7\" data-element_type=\"widget\" data-e-type=\"widget\" data-widget_type=\"heading.default\">\n\t\t\t\t<div class=\"elementor-widget-container\">\n\t\t\t\t\t<h3 class=\"elementor-heading-title elementor-size-default\">Valeurs<\/h3>\t\t\t\t<\/div>\n\t\t\t\t<\/div>\n\t\t\t\t<div class=\"elementor-element elementor-element-4811b8a elementor-widget elementor-widget-text-editor\" data-id=\"4811b8a\" data-element_type=\"widget\" data-e-type=\"widget\" data-widget_type=\"text-editor.default\">\n\t\t\t\t<div class=\"elementor-widget-container\">\n\t\t\t\t\t\t\t\t\t<ul><li><strong>Excellence:<\/strong> Nous aspirons \u00e0 utiliser et nous \u00e9valuerons par rapport aux pratiques de classe mondiale<\/li><li><strong>Direction:<\/strong> Nous embrassons notre r\u00f4le de leaders qui d\u00e9fient, inspirent, autonomisent et encouragent nous-m\u00eames et nos partenaires<\/li><li><strong>Innovation:<\/strong> Nous croyons que l&rsquo;innovation est une exigence critique et constante et une attente pour tous les participants<\/li><li><strong>Int\u00e9grit\u00e9:<\/strong> Nous croyons que l&rsquo;int\u00e9grit\u00e9 de nos comportements individuels et collectifs est la pierre angulaire de ce que nous sommes<\/li><li><strong>Partenariat:<\/strong> Nous croyons qu&rsquo;il est essentiel de d\u00e9velopper et de maintenir des partenariats mutuellement b\u00e9n\u00e9fiques qui tirent parti des forces de chaque partie<\/li><\/ul>\t\t\t\t\t\t\t\t<\/div>\n\t\t\t\t<\/div>\n\t\t\t\t\t<\/div>\n\t\t<\/div>\n\t\t\t\t<div class=\"elementor-column elementor-col-50 elementor-inner-column elementor-element elementor-element-f34f2fc\" data-id=\"f34f2fc\" data-element_type=\"column\" data-e-type=\"column\">\n\t\t\t<div class=\"elementor-widget-wrap elementor-element-populated\">\n\t\t\t\t\t\t<div class=\"elementor-element elementor-element-8790b6c elementor-widget elementor-widget-image\" data-id=\"8790b6c\" data-element_type=\"widget\" data-e-type=\"widget\" data-widget_type=\"image.default\">\n\t\t\t\t<div class=\"elementor-widget-container\">\n\t\t\t\t\t\t\t\t\t\t\t\t\t\t\t<img decoding=\"async\" width=\"946\" height=\"183\" src=\"https:\/\/www.csipacific.ca\/wp-content\/uploads\/2017\/10\/COPSIN-logo.jpg\" class=\"attachment-full size-full wp-image-12324\" alt=\"COPSIN - COPSI Network\" srcset=\"https:\/\/www.csipacific.ca\/wp-content\/uploads\/2017\/10\/COPSIN-logo.jpg 946w, https:\/\/www.csipacific.ca\/wp-content\/uploads\/2017\/10\/COPSIN-logo-600x116.jpg 600w, https:\/\/www.csipacific.ca\/wp-content\/uploads\/2017\/10\/COPSIN-logo-300x58.jpg 300w, https:\/\/www.csipacific.ca\/wp-content\/uploads\/2017\/10\/COPSIN-logo-768x149.jpg 768w\" sizes=\"(max-width: 946px) 100vw, 946px\" \/>\t\t\t\t\t\t\t\t\t\t\t\t\t\t\t<\/div>\n\t\t\t\t<\/div>\n\t\t\t\t\t<\/div>\n\t\t<\/div>\n\t\t\t\t\t<\/div>\n\t\t<\/section>\n\t\t\t\t\t<\/div>\n\t\t<\/div>\n\t\t\t\t\t<\/div>\n\t\t<\/section>\n\t\t\t\t<\/div>\n\t\t","protected":false},"excerpt":{"rendered":"<p>Un R\u00e9seau National d&rsquo;Instituts et de Centres Sportifs L&rsquo;Institut Canadien du Sport Pacifique est fier membre du R\u00e9seau des Instituts Canadiens du Sport Olympique et Paralympique (RISOPC). RISOPC fournit des environnements d&rsquo;entra\u00eenement de classe mondiale aux athl\u00e8tes et entra\u00eeneurs d&rsquo;\u00e9lite \u00e0 travers le Canada. L&rsquo;\u00e9quipe d&rsquo;experts offre des services en sciences et m\u00e9decine du sport,&hellip;<\/p>\n","protected":false},"author":2,"featured_media":0,"parent":26760,"menu_order":0,"comment_status":"closed","ping_status":"closed","template":"","meta":{"give_campaign_id":0,"footnotes":""},"class_list":["post-26788","page","type-page","status-publish","hentry"],"campaignId":"","_links":{"self":[{"href":"https:\/\/www.csipacific.ca\/fr\/wp-json\/wp\/v2\/pages\/26788","targetHints":{"allow":["GET"]}}],"collection":[{"href":"https:\/\/www.csipacific.ca\/fr\/wp-json\/wp\/v2\/pages"}],"about":[{"href":"https:\/\/www.csipacific.ca\/fr\/wp-json\/wp\/v2\/types\/page"}],"author":[{"embeddable":true,"href":"https:\/\/www.csipacific.ca\/fr\/wp-json\/wp\/v2\/users\/2"}],"replies":[{"embeddable":true,"href":"https:\/\/www.csipacific.ca\/fr\/wp-json\/wp\/v2\/comments?post=26788"}],"version-history":[{"count":5,"href":"https:\/\/www.csipacific.ca\/fr\/wp-json\/wp\/v2\/pages\/26788\/revisions"}],"predecessor-version":[{"id":26808,"href":"https:\/\/www.csipacific.ca\/fr\/wp-json\/wp\/v2\/pages\/26788\/revisions\/26808"}],"up":[{"embeddable":true,"href":"https:\/\/www.csipacific.ca\/fr\/wp-json\/wp\/v2\/pages\/26760"}],"wp:attachment":[{"href":"https:\/\/www.csipacific.ca\/fr\/wp-json\/wp\/v2\/media?parent=26788"}],"curies":[{"name":"wp","href":"https:\/\/api.w.org\/{rel}","templated":true}]}}