{"id":26716,"date":"2017-07-28T02:33:58","date_gmt":"2017-07-28T09:33:58","guid":{"rendered":"https:\/\/www.csipacific.ca\/?page_id=26716"},"modified":"2025-08-22T15:10:59","modified_gmt":"2025-08-22T22:10:59","slug":"performance-nation","status":"publish","type":"page","link":"https:\/\/www.csipacific.ca\/fr\/performance-nation\/","title":{"rendered":"Performance Nation"},"content":{"rendered":"\t\t<div data-elementor-type=\"wp-page\" data-elementor-id=\"26716\" class=\"elementor elementor-26716 elementor-9897\">\n\t\t\t\t\t\t<section class=\"elementor-section elementor-top-section elementor-element elementor-element-2de7391 elementor-section-boxed elementor-section-height-default elementor-section-height-default\" data-id=\"2de7391\" data-element_type=\"section\" data-e-type=\"section\">\n\t\t\t\t\t\t<div class=\"elementor-container elementor-column-gap-default\">\n\t\t\t\t\t<div class=\"elementor-column elementor-col-100 elementor-top-column elementor-element elementor-element-9dceae8\" data-id=\"9dceae8\" data-element_type=\"column\" data-e-type=\"column\">\n\t\t\t<div class=\"elementor-widget-wrap elementor-element-populated\">\n\t\t\t\t\t\t<section class=\"elementor-section elementor-inner-section elementor-element elementor-element-ecdd56b elementor-reverse-tablet elementor-reverse-mobile elementor-section-boxed elementor-section-height-default elementor-section-height-default\" data-id=\"ecdd56b\" data-element_type=\"section\" data-e-type=\"section\">\n\t\t\t\t\t\t<div class=\"elementor-container elementor-column-gap-wider\">\n\t\t\t\t\t<div class=\"elementor-column elementor-col-50 elementor-inner-column elementor-element elementor-element-21da2ca\" data-id=\"21da2ca\" data-element_type=\"column\" data-e-type=\"column\">\n\t\t\t<div class=\"elementor-widget-wrap elementor-element-populated\">\n\t\t\t\t\t\t<div class=\"elementor-element elementor-element-a1a388d elementor-widget elementor-widget-heading\" data-id=\"a1a388d\" data-element_type=\"widget\" data-e-type=\"widget\" data-widget_type=\"heading.default\">\n\t\t\t\t<div class=\"elementor-widget-container\">\n\t\t\t\t\t<h2 class=\"elementor-heading-title elementor-size-default\">La meilleure version de VOUS \u2013 c'est Performance Nation<\/h2>\t\t\t\t<\/div>\n\t\t\t\t<\/div>\n\t\t\t\t<div class=\"elementor-element elementor-element-82b6360 elementor-widget elementor-widget-text-editor\" data-id=\"82b6360\" data-element_type=\"widget\" data-e-type=\"widget\" data-widget_type=\"text-editor.default\">\n\t\t\t\t<div class=\"elementor-widget-container\">\n\t\t\t\t\t\t\t\t\t<p>Propuls\u00e9 par la technologie et les scientifiques derri\u00e8re les olympiens et paralympiens canadiens, PERFORMANCE NATION est votre bo\u00eete \u00e0 outils personnelle pour des r\u00e9sultats optimaux, sur et en dehors du terrain de jeu.<\/p><p>Les experts en science du sport de classe mondiale \u00e0 l&rsquo;Institut Canadien du Sport Pacifique (CSI Pacific) utiliseront l&rsquo;expertise qui a contribu\u00e9 au succ\u00e8s olympique et paralympique du Canada pour fournir des solutions de performance \u00e0 travers la physiologie, l&rsquo;analyse de donn\u00e9es, la force et le conditionnement physique et la technologie sportive.<\/p><p>Une gamme compl\u00e8te de services est disponible pour le public, quel que soit l&rsquo;\u00e2ge, le sexe, le niveau de comp\u00e9tence, les objectifs sportifs ou de remise en forme.<\/p><p>Que vous vouliez atteindre de nouveaux sommets en halt\u00e9rophilie, courir un demi-marathon plus rapidement, participer au Gran Fondo ou \u00eatre meilleur et plus fort dans votre travail, PERFORMANCE NATION est pour vous.<\/p>\t\t\t\t\t\t\t\t<\/div>\n\t\t\t\t<\/div>\n\t\t\t\t<div class=\"elementor-element elementor-element-3c07323 elementor-widget elementor-widget-the7_button_widget\" data-id=\"3c07323\" data-element_type=\"widget\" data-e-type=\"widget\" data-widget_type=\"the7_button_widget.default\">\n\t\t\t\t<div class=\"elementor-widget-container\">\n\t\t\t\t\t<div class=\"elementor-button-wrapper\"><a href=\"http:\/\/www.performancenation.ca\" target=\"_blank\" class=\"box-button elementor-button elementor-size-md\">Visitez PerformanceNation.ca (en anglais seulement)<i aria-hidden=\"true\" class=\"elementor-button-icon fas fa-arrow-circle-right\"><\/i><\/a><\/div>\t\t\t\t<\/div>\n\t\t\t\t<\/div>\n\t\t\t\t\t<\/div>\n\t\t<\/div>\n\t\t\t\t<div class=\"elementor-column elementor-col-50 elementor-inner-column elementor-element elementor-element-392fe90\" data-id=\"392fe90\" data-element_type=\"column\" data-e-type=\"column\">\n\t\t\t<div class=\"elementor-widget-wrap elementor-element-populated\">\n\t\t\t\t\t\t<div class=\"elementor-element elementor-element-b27ba16 elementor-widget elementor-widget-image\" data-id=\"b27ba16\" data-element_type=\"widget\" data-e-type=\"widget\" data-widget_type=\"image.default\">\n\t\t\t\t<div class=\"elementor-widget-container\">\n\t\t\t\t\t\t\t\t\t\t\t\t\t\t\t<img fetchpriority=\"high\" decoding=\"async\" width=\"782\" height=\"521\" src=\"https:\/\/www.csipacific.ca\/wp-content\/uploads\/2024\/06\/Performance-Nation-Lipsius.jpg\" class=\"attachment-large size-large wp-image-26064\" alt=\"Performance Nation - Lauren Lipsius\" srcset=\"https:\/\/www.csipacific.ca\/wp-content\/uploads\/2024\/06\/Performance-Nation-Lipsius.jpg 782w, https:\/\/www.csipacific.ca\/wp-content\/uploads\/2024\/06\/Performance-Nation-Lipsius-300x200.jpg 300w, https:\/\/www.csipacific.ca\/wp-content\/uploads\/2024\/06\/Performance-Nation-Lipsius-768x512.jpg 768w\" sizes=\"(max-width: 782px) 100vw, 782px\" \/>\t\t\t\t\t\t\t\t\t\t\t\t\t\t\t<\/div>\n\t\t\t\t<\/div>\n\t\t\t\t<div class=\"elementor-element elementor-element-c0b4d73 elementor-widget elementor-widget-image\" data-id=\"c0b4d73\" data-element_type=\"widget\" data-e-type=\"widget\" data-widget_type=\"image.default\">\n\t\t\t\t<div class=\"elementor-widget-container\">\n\t\t\t\t\t\t\t\t\t\t\t\t\t\t\t<img decoding=\"async\" width=\"900\" height=\"116\" src=\"https:\/\/www.csipacific.ca\/wp-content\/uploads\/2025\/08\/Performance-Nation-Logo-Francais.png\" class=\"attachment-large size-large wp-image-29752\" alt=\"Performance Nation - Francais\" srcset=\"https:\/\/www.csipacific.ca\/wp-content\/uploads\/2025\/08\/Performance-Nation-Logo-Francais.png 900w, https:\/\/www.csipacific.ca\/wp-content\/uploads\/2025\/08\/Performance-Nation-Logo-Francais-300x39.png 300w, https:\/\/www.csipacific.ca\/wp-content\/uploads\/2025\/08\/Performance-Nation-Logo-Francais-768x99.png 768w\" sizes=\"(max-width: 900px) 100vw, 900px\" \/>\t\t\t\t\t\t\t\t\t\t\t\t\t\t\t<\/div>\n\t\t\t\t<\/div>\n\t\t\t\t\t<\/div>\n\t\t<\/div>\n\t\t\t\t\t<\/div>\n\t\t<\/section>\n\t\t\t\t<section class=\"elementor-section elementor-inner-section elementor-element elementor-element-7fb8362 elementor-section-boxed elementor-section-height-default elementor-section-height-default\" data-id=\"7fb8362\" data-element_type=\"section\" data-e-type=\"section\">\n\t\t\t\t\t\t<div class=\"elementor-container elementor-column-gap-default\">\n\t\t\t\t\t<div class=\"elementor-column elementor-col-100 elementor-inner-column elementor-element elementor-element-a450cdc\" data-id=\"a450cdc\" data-element_type=\"column\" data-e-type=\"column\">\n\t\t\t<div class=\"elementor-widget-wrap elementor-element-populated\">\n\t\t\t\t\t\t<div class=\"elementor-element elementor-element-a75775a elementor-widget-divider--view-line_icon elementor-view-default elementor-widget-divider--element-align-center elementor-widget elementor-widget-divider\" data-id=\"a75775a\" data-element_type=\"widget\" data-e-type=\"widget\" data-widget_type=\"divider.default\">\n\t\t\t\t<div class=\"elementor-widget-container\">\n\t\t\t\t\t\t\t<div class=\"elementor-divider\">\n\t\t\t<span class=\"elementor-divider-separator\">\n\t\t\t\t\t\t\t<div class=\"elementor-icon elementor-divider__element\">\n\t\t\t\t\t<i aria-hidden=\"true\" class=\"fab fa-canadian-maple-leaf\"><\/i><\/div>\n\t\t\t\t\t\t<\/span>\n\t\t<\/div>\n\t\t\t\t\t\t<\/div>\n\t\t\t\t<\/div>\n\t\t\t\t\t<\/div>\n\t\t<\/div>\n\t\t\t\t\t<\/div>\n\t\t<\/section>\n\t\t\t\t<section class=\"elementor-section elementor-inner-section elementor-element elementor-element-5147ea4 elementor-section-boxed elementor-section-height-default elementor-section-height-default\" data-id=\"5147ea4\" data-element_type=\"section\" data-e-type=\"section\">\n\t\t\t\t\t\t<div class=\"elementor-container elementor-column-gap-default\">\n\t\t\t\t\t<div class=\"elementor-column elementor-col-50 elementor-inner-column elementor-element elementor-element-74033be\" data-id=\"74033be\" data-element_type=\"column\" data-e-type=\"column\">\n\t\t\t<div class=\"elementor-widget-wrap elementor-element-populated\">\n\t\t\t\t\t\t<div class=\"elementor-element elementor-element-dc39ede elementor-widget elementor-widget-heading\" data-id=\"dc39ede\" data-element_type=\"widget\" data-e-type=\"widget\" data-widget_type=\"heading.default\">\n\t\t\t\t<div class=\"elementor-widget-container\">\n\t\t\t\t\t<h3 class=\"elementor-heading-title elementor-size-default\">L'\u00c9quipe Derri\u00e8re l'\u00c9quipe pour les Meilleurs Athl\u00e8tes du Canada<\/h3>\t\t\t\t<\/div>\n\t\t\t\t<\/div>\n\t\t\t\t<div class=\"elementor-element elementor-element-ffc3d59 elementor-widget elementor-widget-text-editor\" data-id=\"ffc3d59\" data-element_type=\"widget\" data-e-type=\"widget\" data-widget_type=\"text-editor.default\">\n\t\t\t\t<div class=\"elementor-widget-container\">\n\t\t\t\t\t\t\t\t\t<p><strong>PERFORMANCE NATION<\/strong> est un programme cr\u00e9\u00e9 par l&rsquo;Institut Canadien du Sport Pacifique (CSI Pacific). L&rsquo;Institut Canadien du Sport Pacifique fournit des environnements d&rsquo;entra\u00eenement quotidiens olympiques et paralympiques de classe mondiale aux athl\u00e8tes et entra\u00eeneurs d&rsquo;\u00e9lite en Colombie-Britannique. Avec le soutien de nos partenaires, notre \u00e9quipe d&rsquo;experts offre des services de science et de m\u00e9decine du sport, de coaching et de vie pour propulser les performances au podium et aider le Canada \u00e0 gagner plus de m\u00e9dailles.<\/p>\t\t\t\t\t\t\t\t<\/div>\n\t\t\t\t<\/div>\n\t\t\t\t\t<\/div>\n\t\t<\/div>\n\t\t\t\t<div class=\"elementor-column elementor-col-50 elementor-inner-column elementor-element elementor-element-96ada67\" data-id=\"96ada67\" data-element_type=\"column\" data-e-type=\"column\">\n\t\t\t<div class=\"elementor-widget-wrap elementor-element-populated\">\n\t\t\t\t\t\t<div class=\"elementor-element elementor-element-a797353 elementor-widget elementor-widget-heading\" data-id=\"a797353\" data-element_type=\"widget\" data-e-type=\"widget\" data-widget_type=\"heading.default\">\n\t\t\t\t<div class=\"elementor-widget-container\">\n\t\t\t\t\t<h3 class=\"elementor-heading-title elementor-size-default\">Utiliser les Scientifiques et l'Expertise de Classe Mondiale de CSI Pacific<\/h3>\t\t\t\t<\/div>\n\t\t\t\t<\/div>\n\t\t\t\t<div class=\"elementor-element elementor-element-fbb57b2 elementor-widget elementor-widget-text-editor\" data-id=\"fbb57b2\" data-element_type=\"widget\" data-e-type=\"widget\" data-widget_type=\"text-editor.default\">\n\t\t\t\t<div class=\"elementor-widget-container\">\n\t\t\t\t\t\t\t\t\t<p>Tout le personnel de <strong>PERFORMANCE NATION<\/strong> fait partie de l&rsquo;\u00e9quipe de CSI Pacific et travaille avec les athl\u00e8tes d&rsquo;\u00e9lite du Canada. Les personnes acc\u00e9dant aux services de <strong>PERFORMANCE NATION<\/strong> b\u00e9n\u00e9ficieront de cette m\u00eame expertise et du m\u00eame personnel de classe mondiale derri\u00e8re une grande partie du succ\u00e8s international du Canada.<\/p>\t\t\t\t\t\t\t\t<\/div>\n\t\t\t\t<\/div>\n\t\t\t\t<div class=\"elementor-element elementor-element-6f43ddf elementor-widget elementor-widget-the7_button_widget\" data-id=\"6f43ddf\" data-element_type=\"widget\" data-e-type=\"widget\" data-widget_type=\"the7_button_widget.default\">\n\t\t\t\t<div class=\"elementor-widget-container\">\n\t\t\t\t\t<div class=\"elementor-button-wrapper\"><a href=\"http:\/\/www.performancenation.ca\" target=\"_blank\" class=\"box-button elementor-button elementor-size-md\">Visitez PerformanceNation.ca (en anglais seulement)<i aria-hidden=\"true\" class=\"elementor-button-icon fas fa-arrow-circle-right\"><\/i><\/a><\/div>\t\t\t\t<\/div>\n\t\t\t\t<\/div>\n\t\t\t\t\t<\/div>\n\t\t<\/div>\n\t\t\t\t\t<\/div>\n\t\t<\/section>\n\t\t\t\t\t<\/div>\n\t\t<\/div>\n\t\t\t\t\t<\/div>\n\t\t<\/section>\n\t\t\t\t<\/div>\n\t\t","protected":false},"excerpt":{"rendered":"<p>La meilleure version de VOUS \u2013 c&rsquo;est Performance Nation Propuls\u00e9 par la technologie et les scientifiques derri\u00e8re les olympiens et paralympiens canadiens, PERFORMANCE NATION est votre bo\u00eete \u00e0 outils personnelle pour des r\u00e9sultats optimaux, sur et en dehors du terrain de jeu. Les experts en science du sport de classe mondiale \u00e0 l&rsquo;Institut Canadien du&hellip;<\/p>\n","protected":false},"author":2,"featured_media":0,"parent":0,"menu_order":0,"comment_status":"closed","ping_status":"closed","template":"","meta":{"give_campaign_id":0,"footnotes":""},"class_list":["post-26716","page","type-page","status-publish","hentry"],"campaignId":"","_links":{"self":[{"href":"https:\/\/www.csipacific.ca\/fr\/wp-json\/wp\/v2\/pages\/26716","targetHints":{"allow":["GET"]}}],"collection":[{"href":"https:\/\/www.csipacific.ca\/fr\/wp-json\/wp\/v2\/pages"}],"about":[{"href":"https:\/\/www.csipacific.ca\/fr\/wp-json\/wp\/v2\/types\/page"}],"author":[{"embeddable":true,"href":"https:\/\/www.csipacific.ca\/fr\/wp-json\/wp\/v2\/users\/2"}],"replies":[{"embeddable":true,"href":"https:\/\/www.csipacific.ca\/fr\/wp-json\/wp\/v2\/comments?post=26716"}],"version-history":[{"count":13,"href":"https:\/\/www.csipacific.ca\/fr\/wp-json\/wp\/v2\/pages\/26716\/revisions"}],"predecessor-version":[{"id":29756,"href":"https:\/\/www.csipacific.ca\/fr\/wp-json\/wp\/v2\/pages\/26716\/revisions\/29756"}],"wp:attachment":[{"href":"https:\/\/www.csipacific.ca\/fr\/wp-json\/wp\/v2\/media?parent=26716"}],"curies":[{"name":"wp","href":"https:\/\/api.w.org\/{rel}","templated":true}]}}