{"id":26612,"date":"2017-07-28T02:27:37","date_gmt":"2017-07-28T09:27:37","guid":{"rendered":"https:\/\/www.csipacific.ca\/?page_id=26612"},"modified":"2025-09-05T11:33:42","modified_gmt":"2025-09-05T18:33:42","slug":"recherche-podium","status":"publish","type":"page","link":"https:\/\/www.csipacific.ca\/fr\/nos-programmes\/recherche-podium\/","title":{"rendered":"Recherche Podium"},"content":{"rendered":"\t\t<div data-elementor-type=\"wp-page\" data-elementor-id=\"26612\" class=\"elementor elementor-26612 elementor-9871\">\n\t\t\t\t\t\t<section class=\"elementor-section elementor-top-section elementor-element elementor-element-628b0c6e elementor-section-boxed elementor-section-height-default elementor-section-height-default\" data-id=\"628b0c6e\" data-element_type=\"section\" data-e-type=\"section\">\n\t\t\t\t\t\t<div class=\"elementor-container elementor-column-gap-default\">\n\t\t\t\t\t<div class=\"elementor-column elementor-col-100 elementor-top-column elementor-element elementor-element-83661f6\" data-id=\"83661f6\" data-element_type=\"column\" data-e-type=\"column\">\n\t\t\t<div class=\"elementor-widget-wrap elementor-element-populated\">\n\t\t\t\t\t\t<section class=\"elementor-section elementor-inner-section elementor-element elementor-element-552d91d elementor-reverse-mobile elementor-section-boxed elementor-section-height-default elementor-section-height-default\" data-id=\"552d91d\" data-element_type=\"section\" data-e-type=\"section\">\n\t\t\t\t\t\t<div class=\"elementor-container elementor-column-gap-wider\">\n\t\t\t\t\t<div class=\"elementor-column elementor-col-50 elementor-inner-column elementor-element elementor-element-1e10a19\" data-id=\"1e10a19\" data-element_type=\"column\" data-e-type=\"column\">\n\t\t\t<div class=\"elementor-widget-wrap elementor-element-populated\">\n\t\t\t\t\t\t<div class=\"elementor-element elementor-element-26152cd elementor-widget elementor-widget-heading\" data-id=\"26152cd\" data-element_type=\"widget\" data-e-type=\"widget\" data-widget_type=\"heading.default\">\n\t\t\t\t<div class=\"elementor-widget-container\">\n\t\t\t\t\t<h2 class=\"elementor-heading-title elementor-size-default\">Vous Vous \u00cates D\u00e9j\u00e0 Demand\u00e9 Si VOUS Pourriez Devenir Olympien?<\/h2>\t\t\t\t<\/div>\n\t\t\t\t<\/div>\n\t\t\t\t<div class=\"elementor-element elementor-element-ee2f59a elementor-widget elementor-widget-text-editor\" data-id=\"ee2f59a\" data-element_type=\"widget\" data-e-type=\"widget\" data-widget_type=\"text-editor.default\">\n\t\t\t\t<div class=\"elementor-widget-container\">\n\t\t\t\t\t\t\t\t\t<p style=\"color: #484946; font-family: Roboto, Helvetica, Arial, Verdana, sans-serif;\">CSI Pacific PODIUM SEARCH\u2122 est un programme d&rsquo;identification des athl\u00e8tes et de tests de condition physique standardis\u00e9s pour les athl\u00e8tes valides et para-athl\u00e8tes. Les athl\u00e8tes participent \u00e0 une s\u00e9rie de tests de terrain de base qui mesurent l&rsquo;anthropom\u00e9trie (taille\/envergure\/poids), la puissance, la force, la vitesse et l&rsquo;endurance. Les donn\u00e9es recueillies offrent un aper\u00e7u de l&rsquo;\u00e9valuation et du suivi de la condition physique des athl\u00e8tes individuels, et peuvent \u00eatre compar\u00e9es entre les sports et\/ou les crit\u00e8res de d\u00e9veloppement sp\u00e9cifiques aux athl\u00e8tes de chaque sport. Les athl\u00e8tes peuvent avoir l&rsquo;opportunit\u00e9 d&rsquo;\u00eatre invit\u00e9s \u00e0 des \u00e9valuations sportives sp\u00e9cifiques suppl\u00e9mentaires s&rsquo;ils r\u00e9pondent aux crit\u00e8res d&rsquo;identification des athl\u00e8tes des PSO\/NSO.<\/p>\t\t\t\t\t\t\t\t<\/div>\n\t\t\t\t<\/div>\n\t\t\t\t\t<\/div>\n\t\t<\/div>\n\t\t\t\t<div class=\"elementor-column elementor-col-50 elementor-inner-column elementor-element elementor-element-1c9b5fa\" data-id=\"1c9b5fa\" data-element_type=\"column\" data-e-type=\"column\">\n\t\t\t<div class=\"elementor-widget-wrap elementor-element-populated\">\n\t\t\t\t\t\t<div class=\"elementor-element elementor-element-aff4c4b elementor-widget elementor-widget-image\" data-id=\"aff4c4b\" data-element_type=\"widget\" data-e-type=\"widget\" data-widget_type=\"image.default\">\n\t\t\t\t<div class=\"elementor-widget-container\">\n\t\t\t\t\t\t\t\t\t\t\t\t\t\t\t<img fetchpriority=\"high\" decoding=\"async\" width=\"300\" height=\"300\" src=\"https:\/\/www.csipacific.ca\/wp-content\/uploads\/2025\/08\/CSI-Program-Podium-Search-Francais-300x300.png\" class=\"attachment-medium size-medium wp-image-29747\" alt=\"Podium Search - Francais\" srcset=\"https:\/\/www.csipacific.ca\/wp-content\/uploads\/2025\/08\/CSI-Program-Podium-Search-Francais-300x300.png 300w, https:\/\/www.csipacific.ca\/wp-content\/uploads\/2025\/08\/CSI-Program-Podium-Search-Francais-150x150.png 150w, https:\/\/www.csipacific.ca\/wp-content\/uploads\/2025\/08\/CSI-Program-Podium-Search-Francais-768x768.png 768w, https:\/\/www.csipacific.ca\/wp-content\/uploads\/2025\/08\/CSI-Program-Podium-Search-Francais.png 800w\" sizes=\"(max-width: 300px) 100vw, 300px\" \/>\t\t\t\t\t\t\t\t\t\t\t\t\t\t\t<\/div>\n\t\t\t\t<\/div>\n\t\t\t\t\t<\/div>\n\t\t<\/div>\n\t\t\t\t\t<\/div>\n\t\t<\/section>\n\t\t\t\t<div class=\"elementor-element elementor-element-c97e0cf elementor-widget-divider--view-line_icon elementor-view-default elementor-widget-divider--element-align-center elementor-widget elementor-widget-divider\" data-id=\"c97e0cf\" data-element_type=\"widget\" data-e-type=\"widget\" data-widget_type=\"divider.default\">\n\t\t\t\t<div class=\"elementor-widget-container\">\n\t\t\t\t\t\t\t<div class=\"elementor-divider\">\n\t\t\t<span class=\"elementor-divider-separator\">\n\t\t\t\t\t\t\t<div class=\"elementor-icon elementor-divider__element\">\n\t\t\t\t\t<i aria-hidden=\"true\" class=\"fab fa-canadian-maple-leaf\"><\/i><\/div>\n\t\t\t\t\t\t<\/span>\n\t\t<\/div>\n\t\t\t\t\t\t<\/div>\n\t\t\t\t<\/div>\n\t\t\t\t<section class=\"elementor-section elementor-inner-section elementor-element elementor-element-c9af815 elementor-section-boxed elementor-section-height-default elementor-section-height-default\" data-id=\"c9af815\" data-element_type=\"section\" data-e-type=\"section\">\n\t\t\t\t\t\t<div class=\"elementor-container elementor-column-gap-wider\">\n\t\t\t\t\t<div class=\"elementor-column elementor-col-50 elementor-inner-column elementor-element elementor-element-fbc235f\" data-id=\"fbc235f\" data-element_type=\"column\" data-e-type=\"column\">\n\t\t\t<div class=\"elementor-widget-wrap elementor-element-populated\">\n\t\t\t\t\t\t<div class=\"elementor-element elementor-element-84c5816 elementor-widget elementor-widget-heading\" data-id=\"84c5816\" data-element_type=\"widget\" data-e-type=\"widget\" data-widget_type=\"heading.default\">\n\t\t\t\t<div class=\"elementor-widget-container\">\n\t\t\t\t\t<h3 class=\"elementor-heading-title elementor-size-default\">Soutient l'Identification et le D\u00e9veloppement des Athl\u00e8tes<\/h3>\t\t\t\t<\/div>\n\t\t\t\t<\/div>\n\t\t\t\t<div class=\"elementor-element elementor-element-a095a1b elementor-widget elementor-widget-text-editor\" data-id=\"a095a1b\" data-element_type=\"widget\" data-e-type=\"widget\" data-widget_type=\"text-editor.default\">\n\t\t\t\t<div class=\"elementor-widget-container\">\n\t\t\t\t\t\t\t\t\t<p>Dirig\u00e9 par le personnel de l&rsquo;Institut Canadien du Sport Pacifique et les membres des organisations sportives partenaires des PSO et NSO, PODIUM SEARCH\u2122 soutient l&rsquo;identification et le d\u00e9veloppement des athl\u00e8tes en leur offrant une exposition \u00e0 un environnement de haute performance et des r\u00e9sultats de tests de terrain de base. PODIUM SEARCH\u2122 sensibilise \u00e9galement aux programmes d&rsquo;identification des athl\u00e8tes des organisations sportives nationales et provinciales en aidant les athl\u00e8tes \u00e0 identifier des talents transf\u00e9rables d&rsquo;autres sports.<\/p><p>Depuis 2018, en partenariat avec la BC Games Society et les centres r\u00e9gionaux locaux de PacificSport, plusieurs sports ont am\u00e9lior\u00e9 leur exp\u00e9rience des BC Games en ajoutant le programme PODIUM SEARCH\u2122 \u00e0 leurs activit\u00e9s des BC Games. Les sports des BC Winter Games comme l&rsquo;Alpin, le Curling et la Gymnastique, ainsi que les sports des BC Summer Games comme l&rsquo;Athl\u00e9tisme, la Crosse et la Voile, ont travaill\u00e9 dur pour int\u00e9grer le programme dans leur package sportif des BC Games, car ils voient la valeur que le programme apporte au d\u00e9veloppement \u00e0 long terme des athl\u00e8tes et des entra\u00eeneurs. Les PSO int\u00e9ress\u00e9s sont encourag\u00e9s \u00e0 discuter de cette opportunit\u00e9 avec leur gestionnaire respectif des BC Games.<\/p>\t\t\t\t\t\t\t\t<\/div>\n\t\t\t\t<\/div>\n\t\t\t\t\t<\/div>\n\t\t<\/div>\n\t\t\t\t<div class=\"elementor-column elementor-col-50 elementor-inner-column elementor-element elementor-element-3a59f43\" data-id=\"3a59f43\" data-element_type=\"column\" data-e-type=\"column\">\n\t\t\t<div class=\"elementor-widget-wrap elementor-element-populated\">\n\t\t\t\t\t\t<div class=\"elementor-element elementor-element-ed1ff0e elementor-widget elementor-widget-heading\" data-id=\"ed1ff0e\" data-element_type=\"widget\" data-e-type=\"widget\" data-widget_type=\"heading.default\">\n\t\t\t\t<div class=\"elementor-widget-container\">\n\t\t\t\t\t<h3 class=\"elementor-heading-title elementor-size-default\">Les Tests de Terrain de PODIUM SEARCH\u2122 incluent :<\/h3>\t\t\t\t<\/div>\n\t\t\t\t<\/div>\n\t\t\t\t<div class=\"elementor-element elementor-element-71f66d4 elementor-widget elementor-widget-text-editor\" data-id=\"71f66d4\" data-element_type=\"widget\" data-e-type=\"widget\" data-widget_type=\"text-editor.default\">\n\t\t\t\t<div class=\"elementor-widget-container\">\n\t\t\t\t\t\t\t\t\t<ul>\n<li>Anthropom\u00e9trie (Taille, Envergure, Poids)<\/li>\n<li><strong>Puissance<\/strong> \u2013 Saut Vertical<\/li>\n<li><strong>Vitesse<\/strong> \u2013 Sprint de 10m \/ 30m (sprint de 10m \/ 20m en fauteuil roulant, le cas \u00e9ch\u00e9ant)<\/li>\n<li><strong>Force<\/strong> \u2013 Tirage Isom\u00e9trique Mi-Cuisse<\/li>\n<li><strong>Endurance<\/strong> \u2013 Test de condition physique multi-\u00e9tages de 20m de L\u00e9ger (Test du Bip)<\/li>\n<\/ul>\t\t\t\t\t\t\t\t<\/div>\n\t\t\t\t<\/div>\n\t\t\t\t<div class=\"elementor-element elementor-element-ac12c46 elementor-widget-divider--view-line_icon elementor-view-default elementor-widget-divider--element-align-center elementor-widget elementor-widget-divider\" data-id=\"ac12c46\" data-element_type=\"widget\" data-e-type=\"widget\" data-widget_type=\"divider.default\">\n\t\t\t\t<div class=\"elementor-widget-container\">\n\t\t\t\t\t\t\t<div class=\"elementor-divider\">\n\t\t\t<span class=\"elementor-divider-separator\">\n\t\t\t\t\t\t\t<div class=\"elementor-icon elementor-divider__element\">\n\t\t\t\t\t<i aria-hidden=\"true\" class=\"fab fa-canadian-maple-leaf\"><\/i><\/div>\n\t\t\t\t\t\t<\/span>\n\t\t<\/div>\n\t\t\t\t\t\t<\/div>\n\t\t\t\t<\/div>\n\t\t\t\t<div class=\"elementor-element elementor-element-54c529c elementor-widget elementor-widget-heading\" data-id=\"54c529c\" data-element_type=\"widget\" data-e-type=\"widget\" data-widget_type=\"heading.default\">\n\t\t\t\t<div class=\"elementor-widget-container\">\n\t\t\t\t\t<h3 class=\"elementor-heading-title elementor-size-default\">\u00c9ligibilit\u00e9 des Athl\u00e8tes<\/h3>\t\t\t\t<\/div>\n\t\t\t\t<\/div>\n\t\t\t\t<div class=\"elementor-element elementor-element-98f54eb elementor-widget elementor-widget-text-editor\" data-id=\"98f54eb\" data-element_type=\"widget\" data-e-type=\"widget\" data-widget_type=\"text-editor.default\">\n\t\t\t\t<div class=\"elementor-widget-container\">\n\t\t\t\t\t\t\t\t\t<p>L&rsquo;\u00e9ligibilit\u00e9 des athl\u00e8tes pour les \u00e9v\u00e9nements PODIUM SEARCH\u2122 est la suivante:<\/p><p><strong>Olympique :<\/strong><\/p><ul><li>\u00c2ges 14-25*<\/li><li>Comp\u00e9tition dans n&rsquo;importe quel sport au niveau minimum de club\/r\u00e9gional<\/li><li>Mentalement fort, comp\u00e9titif et tr\u00e8s motiv\u00e9<\/li><li>Pr\u00eat \u00e0 faire partie de l&rsquo;\u00e9lite sportive canadienne<\/li><\/ul><p><em>* L&rsquo;\u00e9ligibilit\u00e9 de PODIUM SEARCH\u2122 dans les BC Games suit le(s) package(s) technique(s) des sports<\/em><\/p><p><strong>Paralympique :<\/strong><\/p><ul><li>\u00c2ges 14-35<\/li><li>Avoir une d\u00e9ficience physique ou visuelle<\/li><li>Avec ou sans exp\u00e9rience sportive pr\u00e9alable<\/li><li>Int\u00e9ress\u00e9 \u00e0 d\u00e9couvrir pour quels sports paralympiques vous \u00eates \u00e9ligible<\/li><li>Apprenez dans lesquels vous avez le plus grand potentiel<\/li><\/ul>\t\t\t\t\t\t\t\t<\/div>\n\t\t\t\t<\/div>\n\t\t\t\t\t<\/div>\n\t\t<\/div>\n\t\t\t\t\t<\/div>\n\t\t<\/section>\n\t\t\t\t\t<\/div>\n\t\t<\/div>\n\t\t\t\t\t<\/div>\n\t\t<\/section>\n\t\t\t\t<\/div>\n\t\t","protected":false},"excerpt":{"rendered":"<p>Vous Vous \u00cates D\u00e9j\u00e0 Demand\u00e9 Si VOUS Pourriez Devenir Olympien? CSI Pacific PODIUM SEARCH\u2122 est un programme d&rsquo;identification des athl\u00e8tes et de tests de condition physique standardis\u00e9s pour les athl\u00e8tes valides et para-athl\u00e8tes. Les athl\u00e8tes participent \u00e0 une s\u00e9rie de tests de terrain de base qui mesurent l&rsquo;anthropom\u00e9trie (taille\/envergure\/poids), la puissance, la force, la vitesse&hellip;<\/p>\n","protected":false},"author":2,"featured_media":0,"parent":26570,"menu_order":0,"comment_status":"closed","ping_status":"closed","template":"","meta":{"give_campaign_id":0,"footnotes":""},"class_list":["post-26612","page","type-page","status-publish","hentry"],"campaignId":"","_links":{"self":[{"href":"https:\/\/www.csipacific.ca\/fr\/wp-json\/wp\/v2\/pages\/26612","targetHints":{"allow":["GET"]}}],"collection":[{"href":"https:\/\/www.csipacific.ca\/fr\/wp-json\/wp\/v2\/pages"}],"about":[{"href":"https:\/\/www.csipacific.ca\/fr\/wp-json\/wp\/v2\/types\/page"}],"author":[{"embeddable":true,"href":"https:\/\/www.csipacific.ca\/fr\/wp-json\/wp\/v2\/users\/2"}],"replies":[{"embeddable":true,"href":"https:\/\/www.csipacific.ca\/fr\/wp-json\/wp\/v2\/comments?post=26612"}],"version-history":[{"count":12,"href":"https:\/\/www.csipacific.ca\/fr\/wp-json\/wp\/v2\/pages\/26612\/revisions"}],"predecessor-version":[{"id":29949,"href":"https:\/\/www.csipacific.ca\/fr\/wp-json\/wp\/v2\/pages\/26612\/revisions\/29949"}],"up":[{"embeddable":true,"href":"https:\/\/www.csipacific.ca\/fr\/wp-json\/wp\/v2\/pages\/26570"}],"wp:attachment":[{"href":"https:\/\/www.csipacific.ca\/fr\/wp-json\/wp\/v2\/media?parent=26612"}],"curies":[{"name":"wp","href":"https:\/\/api.w.org\/{rel}","templated":true}]}}