{"id":26604,"date":"2017-07-28T02:27:16","date_gmt":"2017-07-28T09:27:16","guid":{"rendered":"https:\/\/www.csipacific.ca\/?page_id=26604"},"modified":"2025-09-05T11:34:04","modified_gmt":"2025-09-05T18:34:04","slug":"ecole-canadienne-du-sport","status":"publish","type":"page","link":"https:\/\/www.csipacific.ca\/fr\/nos-programmes\/ecole-canadienne-du-sport\/","title":{"rendered":"\u00c9cole canadienne du sport"},"content":{"rendered":"\t\t<div data-elementor-type=\"wp-page\" data-elementor-id=\"26604\" class=\"elementor elementor-26604 elementor-9869\">\n\t\t\t\t\t\t<section class=\"elementor-section elementor-top-section elementor-element elementor-element-145499a2 elementor-section-boxed elementor-section-height-default elementor-section-height-default\" data-id=\"145499a2\" data-element_type=\"section\" data-e-type=\"section\">\n\t\t\t\t\t\t<div class=\"elementor-container elementor-column-gap-default\">\n\t\t\t\t\t<div class=\"elementor-column elementor-col-100 elementor-top-column elementor-element elementor-element-0c9c04e\" data-id=\"0c9c04e\" data-element_type=\"column\" data-e-type=\"column\">\n\t\t\t<div class=\"elementor-widget-wrap elementor-element-populated\">\n\t\t\t\t\t\t<section class=\"elementor-section elementor-inner-section elementor-element elementor-element-1007a82 elementor-reverse-mobile elementor-section-boxed elementor-section-height-default elementor-section-height-default\" data-id=\"1007a82\" data-element_type=\"section\" data-e-type=\"section\">\n\t\t\t\t\t\t<div class=\"elementor-container elementor-column-gap-wider\">\n\t\t\t\t\t<div class=\"elementor-column elementor-col-50 elementor-inner-column elementor-element elementor-element-a1fe4d7\" data-id=\"a1fe4d7\" data-element_type=\"column\" data-e-type=\"column\">\n\t\t\t<div class=\"elementor-widget-wrap elementor-element-populated\">\n\t\t\t\t\t\t<div class=\"elementor-element elementor-element-71478b8 elementor-widget elementor-widget-heading\" data-id=\"71478b8\" data-element_type=\"widget\" data-e-type=\"widget\" data-widget_type=\"heading.default\">\n\t\t\t\t<div class=\"elementor-widget-container\">\n\t\t\t\t\t<h2 class=\"elementor-heading-title elementor-size-default\">Aider les \u00c9tudiants-Athl\u00e8tes \u00e0 Relever et Surpasser leurs D\u00e9fis<\/h2>\t\t\t\t<\/div>\n\t\t\t\t<\/div>\n\t\t\t\t<div class=\"elementor-element elementor-element-ae4c68f elementor-widget elementor-widget-text-editor\" data-id=\"ae4c68f\" data-element_type=\"widget\" data-e-type=\"widget\" data-widget_type=\"text-editor.default\">\n\t\t\t\t<div class=\"elementor-widget-container\">\n\t\t\t\t\t\t\t\t\t<h4 style=\"color: #484946; font-family: Roboto, Helvetica, Arial, Verdana, sans-serif;\">Les candidatures sont maintenant accept\u00e9es pour nos campus de Victoria, Kelowna et Prince George<\/h4>\t\t\t\t\t\t\t\t<\/div>\n\t\t\t\t<\/div>\n\t\t\t\t<div class=\"elementor-element elementor-element-beab041 elementor-widget elementor-widget-image\" data-id=\"beab041\" data-element_type=\"widget\" data-e-type=\"widget\" data-widget_type=\"image.default\">\n\t\t\t\t<div class=\"elementor-widget-container\">\n\t\t\t\t\t\t\t\t\t\t\t\t\t\t\t<img fetchpriority=\"high\" decoding=\"async\" width=\"768\" height=\"512\" src=\"https:\/\/www.csipacific.ca\/wp-content\/uploads\/2024\/06\/2018-CSS-Group-Photos-007-copy-768x512.jpg\" class=\"attachment-medium_large size-medium_large wp-image-25425\" alt=\"\" srcset=\"https:\/\/www.csipacific.ca\/wp-content\/uploads\/2024\/06\/2018-CSS-Group-Photos-007-copy-768x512.jpg 768w, https:\/\/www.csipacific.ca\/wp-content\/uploads\/2024\/06\/2018-CSS-Group-Photos-007-copy-300x200.jpg 300w, https:\/\/www.csipacific.ca\/wp-content\/uploads\/2024\/06\/2018-CSS-Group-Photos-007-copy.jpg 900w\" sizes=\"(max-width: 768px) 100vw, 768px\" \/>\t\t\t\t\t\t\t\t\t\t\t\t\t\t\t<\/div>\n\t\t\t\t<\/div>\n\t\t\t\t<div class=\"elementor-element elementor-element-45c2853 elementor-widget elementor-widget-text-editor\" data-id=\"45c2853\" data-element_type=\"widget\" data-e-type=\"widget\" data-widget_type=\"text-editor.default\">\n\t\t\t\t<div class=\"elementor-widget-container\">\n\t\t\t\t\t\t\t\t\t<p>L&rsquo;\u00c9cole de Sport Canadienne est une initiative importante de l&rsquo;Institut Canadien du Sport Pacifique, r\u00e9alis\u00e9e en partenariat avec PacificSport. Avec des campus situ\u00e9s \u00e0 Victoria, Kelowna et Prince George, le programme offre une assistance aux \u00e9tudiants-athl\u00e8tes d&rsquo;\u00e2ge secondaire qui \u00e9quilibrent leurs exigences \u00e9ducatives et d&rsquo;entra\u00eenement.<\/p><p>Les \u00e9tudiants-athl\u00e8tes sont confront\u00e9s au d\u00e9fi principal de g\u00e9rer leurs exigences d&rsquo;entra\u00eenement sportif tout en atteignant leurs objectifs acad\u00e9miques. Avec l&rsquo;aide de partenaires communautaires et des districts scolaires locaux, nous avons con\u00e7u l&rsquo;\u00c9cole de Sport Canadienne pour cr\u00e9er un environnement sportif enrichi afin d&rsquo;aider les athl\u00e8tes \u00e0 \u00e9quilibrer ces pressions tout en obtenant les cr\u00e9dits n\u00e9cessaires \u00e0 l&rsquo;obtention de leur dipl\u00f4me.<\/p><p>Pour plus d&rsquo;informations, veuillez visiter<\/p>\t\t\t\t\t\t\t\t<\/div>\n\t\t\t\t<\/div>\n\t\t\t\t<div class=\"elementor-element elementor-element-91d5b32 elementor-widget elementor-widget-the7_button_widget\" data-id=\"91d5b32\" data-element_type=\"widget\" data-e-type=\"widget\" data-widget_type=\"the7_button_widget.default\">\n\t\t\t\t<div class=\"elementor-widget-container\">\n\t\t\t\t\t<div class=\"elementor-button-wrapper\"><a href=\"https:\/\/canadiansportschool.csipacific.ca\/\" target=\"_blank\" class=\"box-button elementor-button elementor-size-md\">Site de Canadian Sport School (anglais seulement)<i aria-hidden=\"true\" class=\"elementor-button-icon fas fa-arrow-circle-right\"><\/i><\/a><\/div>\t\t\t\t<\/div>\n\t\t\t\t<\/div>\n\t\t\t\t\t<\/div>\n\t\t<\/div>\n\t\t\t\t<div class=\"elementor-column elementor-col-50 elementor-inner-column elementor-element elementor-element-af96008\" data-id=\"af96008\" data-element_type=\"column\" data-e-type=\"column\">\n\t\t\t<div class=\"elementor-widget-wrap elementor-element-populated\">\n\t\t\t\t\t\t<div class=\"elementor-element elementor-element-83854ed elementor-widget elementor-widget-image\" data-id=\"83854ed\" data-element_type=\"widget\" data-e-type=\"widget\" data-widget_type=\"image.default\">\n\t\t\t\t<div class=\"elementor-widget-container\">\n\t\t\t\t\t\t\t\t\t\t\t\t\t\t\t<img decoding=\"async\" width=\"289\" height=\"300\" src=\"https:\/\/www.csipacific.ca\/wp-content\/uploads\/2025\/08\/CSI-Program-CSS-Francais-289x300.png\" class=\"attachment-medium size-medium wp-image-29742\" alt=\"Canadian Sport School - Francais\" srcset=\"https:\/\/www.csipacific.ca\/wp-content\/uploads\/2025\/08\/CSI-Program-CSS-Francais-289x300.png 289w, https:\/\/www.csipacific.ca\/wp-content\/uploads\/2025\/08\/CSI-Program-CSS-Francais-768x797.png 768w, https:\/\/www.csipacific.ca\/wp-content\/uploads\/2025\/08\/CSI-Program-CSS-Francais.png 800w\" sizes=\"(max-width: 289px) 100vw, 289px\" \/>\t\t\t\t\t\t\t\t\t\t\t\t\t\t\t<\/div>\n\t\t\t\t<\/div>\n\t\t\t\t\t<\/div>\n\t\t<\/div>\n\t\t\t\t\t<\/div>\n\t\t<\/section>\n\t\t\t\t\t<\/div>\n\t\t<\/div>\n\t\t\t\t\t<\/div>\n\t\t<\/section>\n\t\t\t\t<\/div>\n\t\t","protected":false},"excerpt":{"rendered":"<p>Aider les \u00c9tudiants-Athl\u00e8tes \u00e0 Relever et Surpasser leurs D\u00e9fis Les candidatures sont maintenant accept\u00e9es pour nos campus de Victoria, Kelowna et Prince George L&rsquo;\u00c9cole de Sport Canadienne est une initiative importante de l&rsquo;Institut Canadien du Sport Pacifique, r\u00e9alis\u00e9e en partenariat avec PacificSport. Avec des campus situ\u00e9s \u00e0 Victoria, Kelowna et Prince George, le programme offre&hellip;<\/p>\n","protected":false},"author":2,"featured_media":0,"parent":26570,"menu_order":0,"comment_status":"closed","ping_status":"closed","template":"","meta":{"give_campaign_id":0,"footnotes":""},"class_list":["post-26604","page","type-page","status-publish","hentry"],"campaignId":"","_links":{"self":[{"href":"https:\/\/www.csipacific.ca\/fr\/wp-json\/wp\/v2\/pages\/26604","targetHints":{"allow":["GET"]}}],"collection":[{"href":"https:\/\/www.csipacific.ca\/fr\/wp-json\/wp\/v2\/pages"}],"about":[{"href":"https:\/\/www.csipacific.ca\/fr\/wp-json\/wp\/v2\/types\/page"}],"author":[{"embeddable":true,"href":"https:\/\/www.csipacific.ca\/fr\/wp-json\/wp\/v2\/users\/2"}],"replies":[{"embeddable":true,"href":"https:\/\/www.csipacific.ca\/fr\/wp-json\/wp\/v2\/comments?post=26604"}],"version-history":[{"count":8,"href":"https:\/\/www.csipacific.ca\/fr\/wp-json\/wp\/v2\/pages\/26604\/revisions"}],"predecessor-version":[{"id":29947,"href":"https:\/\/www.csipacific.ca\/fr\/wp-json\/wp\/v2\/pages\/26604\/revisions\/29947"}],"up":[{"embeddable":true,"href":"https:\/\/www.csipacific.ca\/fr\/wp-json\/wp\/v2\/pages\/26570"}],"wp:attachment":[{"href":"https:\/\/www.csipacific.ca\/fr\/wp-json\/wp\/v2\/media?parent=26604"}],"curies":[{"name":"wp","href":"https:\/\/api.w.org\/{rel}","templated":true}]}}