{"id":26590,"date":"2017-09-01T11:29:00","date_gmt":"2017-09-01T18:29:00","guid":{"rendered":"https:\/\/www.csipacific.ca\/?page_id=26590"},"modified":"2025-09-05T12:02:21","modified_gmt":"2025-09-05T19:02:21","slug":"powering-podiums","status":"publish","type":"page","link":"https:\/\/www.csipacific.ca\/fr\/nos-programmes\/powering-podiums\/","title":{"rendered":"Powering Podiums"},"content":{"rendered":"\t\t<div data-elementor-type=\"wp-page\" data-elementor-id=\"26590\" class=\"elementor elementor-26590 elementor-11375\">\n\t\t\t\t\t\t<section class=\"elementor-section elementor-top-section elementor-element elementor-element-7d3f78f elementor-section-full_width elementor-section-height-default elementor-section-height-default\" data-id=\"7d3f78f\" data-element_type=\"section\" data-e-type=\"section\">\n\t\t\t\t\t\t<div class=\"elementor-container elementor-column-gap-default\">\n\t\t\t\t\t<div class=\"elementor-column elementor-col-100 elementor-top-column elementor-element elementor-element-4912a41\" data-id=\"4912a41\" data-element_type=\"column\" data-e-type=\"column\">\n\t\t\t<div class=\"elementor-widget-wrap elementor-element-populated\">\n\t\t\t\t\t\t<section class=\"elementor-section elementor-inner-section elementor-element elementor-element-0c61e47 elementor-reverse-mobile elementor-section-boxed elementor-section-height-default elementor-section-height-default\" data-id=\"0c61e47\" data-element_type=\"section\" data-e-type=\"section\">\n\t\t\t\t\t\t<div class=\"elementor-container elementor-column-gap-wider\">\n\t\t\t\t\t<div class=\"elementor-column elementor-col-50 elementor-inner-column elementor-element elementor-element-b9ca17f\" data-id=\"b9ca17f\" data-element_type=\"column\" data-e-type=\"column\">\n\t\t\t<div class=\"elementor-widget-wrap elementor-element-populated\">\n\t\t\t\t\t\t<div class=\"elementor-element elementor-element-e10220a elementor-widget elementor-widget-heading\" data-id=\"e10220a\" data-element_type=\"widget\" data-e-type=\"widget\" data-widget_type=\"heading.default\">\n\t\t\t\t<div class=\"elementor-widget-container\">\n\t\t\t\t\t<h2 class=\"elementor-heading-title elementor-size-default\">Am\u00e9liorer l'Excellence Sportive Provinciale<\/h2>\t\t\t\t<\/div>\n\t\t\t\t<\/div>\n\t\t\t\t<div class=\"elementor-element elementor-element-cb5a9c1 elementor-widget elementor-widget-text-editor\" data-id=\"cb5a9c1\" data-element_type=\"widget\" data-e-type=\"widget\" data-widget_type=\"text-editor.default\">\n\t\t\t\t<div class=\"elementor-widget-container\">\n\t\t\t\t\t\t\t\t\t<p>Powering Podiums est une s\u00e9rie d&rsquo;ateliers techniques ax\u00e9s sur le sport de haute performance destin\u00e9s aux organisations sportives provinciales et de sport pour personnes handicap\u00e9es de la Colombie-Britannique. L&rsquo;objectif de ces ateliers est de fournir au secteur sportif des informations pertinentes pour am\u00e9liorer l&rsquo;excellence sportive en Colombie-Britannique et atteindre les crit\u00e8res de r\u00e9f\u00e9rence du gouvernement de la Colombie-Britannique pour les athl\u00e8tes dans les \u00e9quipes nationales. Une grande vari\u00e9t\u00e9 de sujets seront abord\u00e9s en fonction des retours et observations des organisations sportives provinciales. Les sessions d&rsquo;atelier durent g\u00e9n\u00e9ralement de 2 \u00e0 4 heures selon le sujet.<\/p><p>Powering Podiums est un programme conjoint cr\u00e9\u00e9 par l&rsquo;Institut Canadien du Sport Pacifique et viaSport.<\/p>\t\t\t\t\t\t\t\t<\/div>\n\t\t\t\t<\/div>\n\t\t\t\t<div class=\"elementor-element elementor-element-dea93d2 elementor-widget-divider--view-line_icon elementor-view-default elementor-widget-divider--element-align-center elementor-widget elementor-widget-divider\" data-id=\"dea93d2\" data-element_type=\"widget\" data-e-type=\"widget\" data-widget_type=\"divider.default\">\n\t\t\t\t<div class=\"elementor-widget-container\">\n\t\t\t\t\t\t\t<div class=\"elementor-divider\">\n\t\t\t<span class=\"elementor-divider-separator\">\n\t\t\t\t\t\t\t<div class=\"elementor-icon elementor-divider__element\">\n\t\t\t\t\t<i aria-hidden=\"true\" class=\"fab fa-canadian-maple-leaf\"><\/i><\/div>\n\t\t\t\t\t\t<\/span>\n\t\t<\/div>\n\t\t\t\t\t\t<\/div>\n\t\t\t\t<\/div>\n\t\t\t\t<div class=\"elementor-element elementor-element-c2ddd17 elementor-widget elementor-widget-text-editor\" data-id=\"c2ddd17\" data-element_type=\"widget\" data-e-type=\"widget\" data-widget_type=\"text-editor.default\">\n\t\t\t\t<div class=\"elementor-widget-container\">\n\t\t\t\t\t\t\t\t\t<p>Note : Powering Podiums se d\u00e9roule enti\u00e8rement en anglais. Veuillez consulter <a href=\"\/our-programs\/powering-podiums\/\">la page en anglais<\/a> pour plus d&rsquo;informations.<\/p>\t\t\t\t\t\t\t\t<\/div>\n\t\t\t\t<\/div>\n\t\t\t\t\t<\/div>\n\t\t<\/div>\n\t\t\t\t<div class=\"elementor-column elementor-col-50 elementor-inner-column elementor-element elementor-element-355ca5b\" data-id=\"355ca5b\" data-element_type=\"column\" data-e-type=\"column\">\n\t\t\t<div class=\"elementor-widget-wrap elementor-element-populated\">\n\t\t\t\t\t\t<div class=\"elementor-element elementor-element-2536e0f elementor-widget elementor-widget-image\" data-id=\"2536e0f\" data-element_type=\"widget\" data-e-type=\"widget\" data-widget_type=\"image.default\">\n\t\t\t\t<div class=\"elementor-widget-container\">\n\t\t\t\t\t\t\t\t\t\t\t\t\t\t\t<img fetchpriority=\"high\" decoding=\"async\" width=\"2048\" height=\"1365\" src=\"https:\/\/www.csipacific.ca\/wp-content\/uploads\/2025\/09\/Untitled-design-1-e1757098770954.png\" class=\"attachment-full size-full wp-image-29962\" alt=\"\" \/>\t\t\t\t\t\t\t\t\t\t\t\t\t\t\t<\/div>\n\t\t\t\t<\/div>\n\t\t\t\t\t<\/div>\n\t\t<\/div>\n\t\t\t\t\t<\/div>\n\t\t<\/section>\n\t\t\t\t\t<\/div>\n\t\t<\/div>\n\t\t\t\t\t<\/div>\n\t\t<\/section>\n\t\t\t\t<\/div>\n\t\t","protected":false},"excerpt":{"rendered":"<p>Am\u00e9liorer l&rsquo;Excellence Sportive Provinciale Powering Podiums est une s\u00e9rie d&rsquo;ateliers techniques ax\u00e9s sur le sport de haute performance destin\u00e9s aux organisations sportives provinciales et de sport pour personnes handicap\u00e9es de la Colombie-Britannique. L&rsquo;objectif de ces ateliers est de fournir au secteur sportif des informations pertinentes pour am\u00e9liorer l&rsquo;excellence sportive en Colombie-Britannique et atteindre les crit\u00e8res&hellip;<\/p>\n","protected":false},"author":2,"featured_media":0,"parent":26570,"menu_order":0,"comment_status":"closed","ping_status":"closed","template":"","meta":{"give_campaign_id":0,"footnotes":""},"class_list":["post-26590","page","type-page","status-publish","hentry"],"campaignId":"","_links":{"self":[{"href":"https:\/\/www.csipacific.ca\/fr\/wp-json\/wp\/v2\/pages\/26590","targetHints":{"allow":["GET"]}}],"collection":[{"href":"https:\/\/www.csipacific.ca\/fr\/wp-json\/wp\/v2\/pages"}],"about":[{"href":"https:\/\/www.csipacific.ca\/fr\/wp-json\/wp\/v2\/types\/page"}],"author":[{"embeddable":true,"href":"https:\/\/www.csipacific.ca\/fr\/wp-json\/wp\/v2\/users\/2"}],"replies":[{"embeddable":true,"href":"https:\/\/www.csipacific.ca\/fr\/wp-json\/wp\/v2\/comments?post=26590"}],"version-history":[{"count":10,"href":"https:\/\/www.csipacific.ca\/fr\/wp-json\/wp\/v2\/pages\/26590\/revisions"}],"predecessor-version":[{"id":29969,"href":"https:\/\/www.csipacific.ca\/fr\/wp-json\/wp\/v2\/pages\/26590\/revisions\/29969"}],"up":[{"embeddable":true,"href":"https:\/\/www.csipacific.ca\/fr\/wp-json\/wp\/v2\/pages\/26570"}],"wp:attachment":[{"href":"https:\/\/www.csipacific.ca\/fr\/wp-json\/wp\/v2\/media?parent=26590"}],"curies":[{"name":"wp","href":"https:\/\/api.w.org\/{rel}","templated":true}]}}