{"id":26576,"date":"2017-07-28T02:16:12","date_gmt":"2017-07-28T09:16:12","guid":{"rendered":"https:\/\/www.csipacific.ca\/?page_id=26576"},"modified":"2025-08-22T15:03:19","modified_gmt":"2025-08-22T22:03:19","slug":"ecole-internationale-de-coaching","status":"publish","type":"page","link":"https:\/\/www.csipacific.ca\/fr\/nos-programmes\/ecole-internationale-de-coaching\/","title":{"rendered":"\u00c9cole Internationale de Coaching"},"content":{"rendered":"\t\t<div data-elementor-type=\"wp-page\" data-elementor-id=\"26576\" class=\"elementor elementor-26576 elementor-9844\">\n\t\t\t\t\t\t<section class=\"elementor-section elementor-top-section elementor-element elementor-element-8ddc86b elementor-section-full_width elementor-section-height-default elementor-section-height-default\" data-id=\"8ddc86b\" data-element_type=\"section\" data-e-type=\"section\">\n\t\t\t\t\t\t<div class=\"elementor-container elementor-column-gap-default\">\n\t\t\t\t\t<div class=\"elementor-column elementor-col-100 elementor-top-column elementor-element elementor-element-c1cfde3\" data-id=\"c1cfde3\" data-element_type=\"column\" data-e-type=\"column\">\n\t\t\t<div class=\"elementor-widget-wrap elementor-element-populated\">\n\t\t\t\t\t\t<section class=\"elementor-section elementor-inner-section elementor-element elementor-element-9b102ba elementor-reverse-mobile elementor-section-boxed elementor-section-height-default elementor-section-height-default\" data-id=\"9b102ba\" data-element_type=\"section\" data-e-type=\"section\">\n\t\t\t\t\t\t<div class=\"elementor-container elementor-column-gap-wider\">\n\t\t\t\t\t<div class=\"elementor-column elementor-col-50 elementor-inner-column elementor-element elementor-element-da1fbd0\" data-id=\"da1fbd0\" data-element_type=\"column\" data-e-type=\"column\">\n\t\t\t<div class=\"elementor-widget-wrap elementor-element-populated\">\n\t\t\t\t\t\t<div class=\"elementor-element elementor-element-255e76c elementor-widget elementor-widget-heading\" data-id=\"255e76c\" data-element_type=\"widget\" data-e-type=\"widget\" data-widget_type=\"heading.default\">\n\t\t\t\t<div class=\"elementor-widget-container\">\n\t\t\t\t\t<h2 class=\"elementor-heading-title elementor-size-default\">\u00c9ducation et D\u00e9veloppement Professionnel en Coaching Sportif de Haute Performance<\/h2>\t\t\t\t<\/div>\n\t\t\t\t<\/div>\n\t\t\t\t<div class=\"elementor-element elementor-element-679612e elementor-widget elementor-widget-text-editor\" data-id=\"679612e\" data-element_type=\"widget\" data-e-type=\"widget\" data-widget_type=\"text-editor.default\">\n\t\t\t\t<div class=\"elementor-widget-container\">\n\t\t\t\t\t\t\t\t\t<p>L&rsquo;\u00c9cole Internationale de Coaching rassemble certaines des meilleures intelligences en mati\u00e8re de coaching au Canada pour offrir des opportunit\u00e9s \u00e9ducatives aux entra\u00eeneurs de haute performance et partager leurs exp\u00e9riences \u2013 des jeux provinciaux jusqu&rsquo;aux Jeux Olympiques et Paralympiques.<\/p><p>Se d\u00e9roulant sur le campus de Victoria de l&rsquo;Institut Canadien du Sport Pacifique, l&rsquo;\u00c9cole Internationale de Coaching est offerte en deux volets : Certificat de Coaching en Performance Sportive et Avancement des Entra\u00eeneurs de Haute Performance.<\/p><p>Le volet Certificat de Coaching en Performance Sportive offre aux entra\u00eeneurs une formation am\u00e9lior\u00e9e dans les modules de D\u00e9veloppement de la Comp\u00e9tition du PNCE dans un cadre multi-sport interactif. Les entra\u00eeneurs auront l&rsquo;opportunit\u00e9 de compl\u00e9ter jusqu&rsquo;\u00e0 huit modules du PNCE, ainsi que d&rsquo;obtenir le Certificat de Coaching en Performance Sportive de l&rsquo;Institut Canadien du Sport Pacifique, en seulement une semaine.<\/p><p>L&rsquo;Avancement des Entra\u00eeneurs de Haute Performance est destin\u00e9 aux entra\u00eeneurs universitaires, provinciaux, nationaux et aux dipl\u00f4m\u00e9s du Dipl\u00f4me Avanc\u00e9 en Coaching (CNI) travaillant avec des athl\u00e8tes dans les stades \u00ab\u00a0S&rsquo;entra\u00eener \u00e0 S&rsquo;entra\u00eener\u00a0\u00bb jusqu&rsquo;\u00e0 \u00ab\u00a0S&rsquo;entra\u00eener \u00e0 Gagner\u00a0\u00bb du parcours de D\u00e9veloppement \u00e0 Long Terme de l&rsquo;Athl\u00e8te (DLTA). Les entra\u00eeneurs ont l&rsquo;opportunit\u00e9 de s&rsquo;engager et de r\u00e9seauter avec leurs pairs, tout en partageant les meilleures pratiques sous un nouveau th\u00e8me chaque ann\u00e9e.<\/p>\t\t\t\t\t\t\t\t<\/div>\n\t\t\t\t<\/div>\n\t\t\t\t<div class=\"elementor-element elementor-element-d2f78a0 elementor-widget-divider--view-line_icon elementor-view-default elementor-widget-divider--element-align-center elementor-widget elementor-widget-divider\" data-id=\"d2f78a0\" data-element_type=\"widget\" data-e-type=\"widget\" data-widget_type=\"divider.default\">\n\t\t\t\t<div class=\"elementor-widget-container\">\n\t\t\t\t\t\t\t<div class=\"elementor-divider\">\n\t\t\t<span class=\"elementor-divider-separator\">\n\t\t\t\t\t\t\t<div class=\"elementor-icon elementor-divider__element\">\n\t\t\t\t\t<i aria-hidden=\"true\" class=\"fab fa-canadian-maple-leaf\"><\/i><\/div>\n\t\t\t\t\t\t<\/span>\n\t\t<\/div>\n\t\t\t\t\t\t<\/div>\n\t\t\t\t<\/div>\n\t\t\t\t<div class=\"elementor-element elementor-element-e5a6dc5 elementor-widget elementor-widget-text-editor\" data-id=\"e5a6dc5\" data-element_type=\"widget\" data-e-type=\"widget\" data-widget_type=\"text-editor.default\">\n\t\t\t\t<div class=\"elementor-widget-container\">\n\t\t\t\t\t\t\t\t\t<p>Note : L&rsquo;\u00c9cole Internationale de Coaching se d\u00e9roule enti\u00e8rement en anglais. Veuillez consulter <a href=\"\/our-programs\/ics\/\">la page en anglais<\/a> pour plus d&rsquo;informations.<\/p>\t\t\t\t\t\t\t\t<\/div>\n\t\t\t\t<\/div>\n\t\t\t\t\t<\/div>\n\t\t<\/div>\n\t\t\t\t<div class=\"elementor-column elementor-col-50 elementor-inner-column elementor-element elementor-element-8b6873b\" data-id=\"8b6873b\" data-element_type=\"column\" data-e-type=\"column\">\n\t\t\t<div class=\"elementor-widget-wrap elementor-element-populated\">\n\t\t\t\t\t\t<div class=\"elementor-element elementor-element-65b77d1 elementor-widget elementor-widget-image\" data-id=\"65b77d1\" data-element_type=\"widget\" data-e-type=\"widget\" data-widget_type=\"image.default\">\n\t\t\t\t<div class=\"elementor-widget-container\">\n\t\t\t\t\t\t\t\t\t\t\t\t\t\t\t<img fetchpriority=\"high\" decoding=\"async\" width=\"277\" height=\"300\" src=\"https:\/\/www.csipacific.ca\/wp-content\/uploads\/2025\/08\/CSI-Program-ICS-Francais-277x300.png\" class=\"attachment-medium size-medium wp-image-29737\" alt=\"International Coaching School - Francais\" srcset=\"https:\/\/www.csipacific.ca\/wp-content\/uploads\/2025\/08\/CSI-Program-ICS-Francais-277x300.png 277w, https:\/\/www.csipacific.ca\/wp-content\/uploads\/2025\/08\/CSI-Program-ICS-Francais-768x832.png 768w, https:\/\/www.csipacific.ca\/wp-content\/uploads\/2025\/08\/CSI-Program-ICS-Francais.png 800w\" sizes=\"(max-width: 277px) 100vw, 277px\" \/>\t\t\t\t\t\t\t\t\t\t\t\t\t\t\t<\/div>\n\t\t\t\t<\/div>\n\t\t\t\t\t<\/div>\n\t\t<\/div>\n\t\t\t\t\t<\/div>\n\t\t<\/section>\n\t\t\t\t\t<\/div>\n\t\t<\/div>\n\t\t\t\t\t<\/div>\n\t\t<\/section>\n\t\t\t\t<\/div>\n\t\t","protected":false},"excerpt":{"rendered":"<p>\u00c9ducation et D\u00e9veloppement Professionnel en Coaching Sportif de Haute Performance L&rsquo;\u00c9cole Internationale de Coaching rassemble certaines des meilleures intelligences en mati\u00e8re de coaching au Canada pour offrir des opportunit\u00e9s \u00e9ducatives aux entra\u00eeneurs de haute performance et partager leurs exp\u00e9riences \u2013 des jeux provinciaux jusqu&rsquo;aux Jeux Olympiques et Paralympiques. Se d\u00e9roulant sur le campus de Victoria&hellip;<\/p>\n","protected":false},"author":2,"featured_media":0,"parent":26570,"menu_order":0,"comment_status":"closed","ping_status":"closed","template":"","meta":{"give_campaign_id":0,"footnotes":""},"class_list":["post-26576","page","type-page","status-publish","hentry"],"campaignId":"","_links":{"self":[{"href":"https:\/\/www.csipacific.ca\/fr\/wp-json\/wp\/v2\/pages\/26576","targetHints":{"allow":["GET"]}}],"collection":[{"href":"https:\/\/www.csipacific.ca\/fr\/wp-json\/wp\/v2\/pages"}],"about":[{"href":"https:\/\/www.csipacific.ca\/fr\/wp-json\/wp\/v2\/types\/page"}],"author":[{"embeddable":true,"href":"https:\/\/www.csipacific.ca\/fr\/wp-json\/wp\/v2\/users\/2"}],"replies":[{"embeddable":true,"href":"https:\/\/www.csipacific.ca\/fr\/wp-json\/wp\/v2\/comments?post=26576"}],"version-history":[{"count":10,"href":"https:\/\/www.csipacific.ca\/fr\/wp-json\/wp\/v2\/pages\/26576\/revisions"}],"predecessor-version":[{"id":29741,"href":"https:\/\/www.csipacific.ca\/fr\/wp-json\/wp\/v2\/pages\/26576\/revisions\/29741"}],"up":[{"embeddable":true,"href":"https:\/\/www.csipacific.ca\/fr\/wp-json\/wp\/v2\/pages\/26570"}],"wp:attachment":[{"href":"https:\/\/www.csipacific.ca\/fr\/wp-json\/wp\/v2\/media?parent=26576"}],"curies":[{"name":"wp","href":"https:\/\/api.w.org\/{rel}","templated":true}]}}