{"id":26498,"date":"2017-07-28T02:30:54","date_gmt":"2017-07-28T09:30:54","guid":{"rendered":"https:\/\/www.csipacific.ca\/?page_id=26498"},"modified":"2024-07-03T11:15:26","modified_gmt":"2024-07-03T18:15:26","slug":"physiologie","status":"publish","type":"page","link":"https:\/\/www.csipacific.ca\/fr\/nos-services\/physiologie\/","title":{"rendered":"Physiologie"},"content":{"rendered":"\t\t<div data-elementor-type=\"wp-page\" data-elementor-id=\"26498\" class=\"elementor elementor-26498 elementor-9883\">\n\t\t\t\t\t\t<section class=\"elementor-section elementor-top-section elementor-element elementor-element-5daca86 elementor-section-boxed elementor-section-height-default elementor-section-height-default\" data-id=\"5daca86\" data-element_type=\"section\" data-e-type=\"section\">\n\t\t\t\t\t\t<div class=\"elementor-container elementor-column-gap-default\">\n\t\t\t\t\t<div class=\"elementor-column elementor-col-100 elementor-top-column elementor-element elementor-element-42464db\" data-id=\"42464db\" data-element_type=\"column\" data-e-type=\"column\">\n\t\t\t<div class=\"elementor-widget-wrap elementor-element-populated\">\n\t\t\t\t\t\t<section class=\"elementor-section elementor-inner-section elementor-element elementor-element-8065013 elementor-reverse-mobile elementor-section-boxed elementor-section-height-default elementor-section-height-default\" data-id=\"8065013\" data-element_type=\"section\" data-e-type=\"section\">\n\t\t\t\t\t\t<div class=\"elementor-container elementor-column-gap-wider\">\n\t\t\t\t\t<div class=\"elementor-column elementor-col-50 elementor-inner-column elementor-element elementor-element-7f57377\" data-id=\"7f57377\" data-element_type=\"column\" data-e-type=\"column\">\n\t\t\t<div class=\"elementor-widget-wrap elementor-element-populated\">\n\t\t\t\t\t\t<div class=\"elementor-element elementor-element-eebeee2 elementor-widget elementor-widget-heading\" data-id=\"eebeee2\" data-element_type=\"widget\" data-e-type=\"widget\" data-widget_type=\"heading.default\">\n\t\t\t\t<div class=\"elementor-widget-container\">\n\t\t\t\t\t<h2 class=\"elementor-heading-title elementor-size-default\">Optimiser l'Entra\u00eenement des Athl\u00e8tes avec une Technologie de Pointe<\/h2>\t\t\t\t<\/div>\n\t\t\t\t<\/div>\n\t\t\t\t<div class=\"elementor-element elementor-element-f82154d elementor-widget elementor-widget-text-editor\" data-id=\"f82154d\" data-element_type=\"widget\" data-e-type=\"widget\" data-widget_type=\"text-editor.default\">\n\t\t\t\t<div class=\"elementor-widget-container\">\n\t\t\t\t\t\t\t\t\t<p style=\"color: #484946; font-family: Roboto, Helvetica, Arial, Verdana, sans-serif;\">Am\u00e9liorer la performance sportive n\u00e9cessite un retour d&rsquo;information continu sur les progr\u00e8s de l&rsquo;entra\u00eenement et des informations qui peuvent augmenter l&rsquo;efficacit\u00e9 de la pr\u00e9paration de l&rsquo;athl\u00e8te. L&rsquo;\u00e9quipe de physiologie de l&rsquo;Institut Canadien du Sport travaille avec les entra\u00eeneurs pour optimiser l&rsquo;entra\u00eenement des athl\u00e8tes, aider les athl\u00e8tes \u00e0 comprendre leurs forces et leurs faiblesses, comparer les athl\u00e8tes aux normes mondiales et faciliter la pr\u00e9paration aux comp\u00e9titions. De plus, les physiologistes de l&rsquo;Institut Canadien du Sport soutiennent leurs tests par une recherche continue en performance humaine afin de fournir les informations les plus actuelles pour renforcer leur programme.<\/p>\t\t\t\t\t\t\t\t<\/div>\n\t\t\t\t<\/div>\n\t\t\t\t\t<\/div>\n\t\t<\/div>\n\t\t\t\t<div class=\"elementor-column elementor-col-50 elementor-inner-column elementor-element elementor-element-e28c99e\" data-id=\"e28c99e\" data-element_type=\"column\" data-e-type=\"column\">\n\t\t\t<div class=\"elementor-widget-wrap elementor-element-populated\">\n\t\t\t\t\t\t<div class=\"elementor-element elementor-element-8673eb3 elementor-widget elementor-widget-image\" data-id=\"8673eb3\" data-element_type=\"widget\" data-e-type=\"widget\" data-widget_type=\"image.default\">\n\t\t\t\t<div class=\"elementor-widget-container\">\n\t\t\t\t\t\t\t\t\t\t\t\t\t\t\t<img fetchpriority=\"high\" decoding=\"async\" width=\"900\" height=\"600\" src=\"https:\/\/www.csipacific.ca\/wp-content\/uploads\/2024\/06\/47bedcb9-a0b6-4d55-87dd-ade7ee084986.jpg\" class=\"attachment-full size-full wp-image-25577\" alt=\"\" srcset=\"https:\/\/www.csipacific.ca\/wp-content\/uploads\/2024\/06\/47bedcb9-a0b6-4d55-87dd-ade7ee084986.jpg 900w, https:\/\/www.csipacific.ca\/wp-content\/uploads\/2024\/06\/47bedcb9-a0b6-4d55-87dd-ade7ee084986-300x200.jpg 300w, https:\/\/www.csipacific.ca\/wp-content\/uploads\/2024\/06\/47bedcb9-a0b6-4d55-87dd-ade7ee084986-768x512.jpg 768w\" sizes=\"(max-width: 900px) 100vw, 900px\" \/>\t\t\t\t\t\t\t\t\t\t\t\t\t\t\t<\/div>\n\t\t\t\t<\/div>\n\t\t\t\t\t<\/div>\n\t\t<\/div>\n\t\t\t\t\t<\/div>\n\t\t<\/section>\n\t\t\t\t<div class=\"elementor-element elementor-element-e6fbdd0 elementor-widget-divider--view-line_icon elementor-view-default elementor-widget-divider--element-align-center elementor-widget elementor-widget-divider\" data-id=\"e6fbdd0\" data-element_type=\"widget\" data-e-type=\"widget\" data-widget_type=\"divider.default\">\n\t\t\t\t<div class=\"elementor-widget-container\">\n\t\t\t\t\t\t\t<div class=\"elementor-divider\">\n\t\t\t<span class=\"elementor-divider-separator\">\n\t\t\t\t\t\t\t<div class=\"elementor-icon elementor-divider__element\">\n\t\t\t\t\t<i aria-hidden=\"true\" class=\"fab fa-canadian-maple-leaf\"><\/i><\/div>\n\t\t\t\t\t\t<\/span>\n\t\t<\/div>\n\t\t\t\t\t\t<\/div>\n\t\t\t\t<\/div>\n\t\t\t\t<div class=\"elementor-element elementor-element-e2281b0 elementor-widget elementor-widget-heading\" data-id=\"e2281b0\" data-element_type=\"widget\" data-e-type=\"widget\" data-widget_type=\"heading.default\">\n\t\t\t\t<div class=\"elementor-widget-container\">\n\t\t\t\t\t<h3 class=\"elementor-heading-title elementor-size-default\">Transformer les Caract\u00e9ristiques Physiologiques en Succ\u00e8s Comp\u00e9titif<\/h3>\t\t\t\t<\/div>\n\t\t\t\t<\/div>\n\t\t\t\t<div class=\"elementor-element elementor-element-ffc113f elementor-widget elementor-widget-text-editor\" data-id=\"ffc113f\" data-element_type=\"widget\" data-e-type=\"widget\" data-widget_type=\"text-editor.default\">\n\t\t\t\t<div class=\"elementor-widget-container\">\n\t\t\t\t\t\t\t\t\t<p>L&rsquo;\u00e9quipe de physiologie de l&rsquo;Institut Canadien du Sport est compos\u00e9e d&rsquo;experts dans le domaine, responsables d&rsquo;identifier et de quantifier les caract\u00e9ristiques physiques et physiologiques qui contribuent \u00e0 la performance dans des sports particuliers et les m\u00e9thodes les plus efficaces pour manipuler ces caract\u00e9ristiques afin d&rsquo;augmenter les chances de succ\u00e8s.<\/p><p>De plus, l&rsquo;\u00e9quipe de physiologie est responsable de fournir un soutien scientifique et de la recherche aux athl\u00e8tes et entra\u00eeneurs d&rsquo;\u00e9lite par l&rsquo;analyse des diff\u00e9rents syst\u00e8mes physiologiques pertinents \u00e0 l&rsquo;exercice et \u00e0 la performance (syst\u00e8mes cardiovasculaire, respiratoire, m\u00e9tabolique, sanguin, urinaire et hormonal).<\/p>\t\t\t\t\t\t\t\t<\/div>\n\t\t\t\t<\/div>\n\t\t\t\t\t<\/div>\n\t\t<\/div>\n\t\t\t\t\t<\/div>\n\t\t<\/section>\n\t\t\t\t<\/div>\n\t\t","protected":false},"excerpt":{"rendered":"<p>Optimiser l&rsquo;Entra\u00eenement des Athl\u00e8tes avec une Technologie de Pointe Am\u00e9liorer la performance sportive n\u00e9cessite un retour d&rsquo;information continu sur les progr\u00e8s de l&rsquo;entra\u00eenement et des informations qui peuvent augmenter l&rsquo;efficacit\u00e9 de la pr\u00e9paration de l&rsquo;athl\u00e8te. L&rsquo;\u00e9quipe de physiologie de l&rsquo;Institut Canadien du Sport travaille avec les entra\u00eeneurs pour optimiser l&rsquo;entra\u00eenement des athl\u00e8tes, aider les athl\u00e8tes&hellip;<\/p>\n","protected":false},"author":2,"featured_media":0,"parent":26408,"menu_order":0,"comment_status":"closed","ping_status":"closed","template":"","meta":{"give_campaign_id":0,"footnotes":""},"class_list":["post-26498","page","type-page","status-publish","hentry"],"campaignId":"","_links":{"self":[{"href":"https:\/\/www.csipacific.ca\/fr\/wp-json\/wp\/v2\/pages\/26498","targetHints":{"allow":["GET"]}}],"collection":[{"href":"https:\/\/www.csipacific.ca\/fr\/wp-json\/wp\/v2\/pages"}],"about":[{"href":"https:\/\/www.csipacific.ca\/fr\/wp-json\/wp\/v2\/types\/page"}],"author":[{"embeddable":true,"href":"https:\/\/www.csipacific.ca\/fr\/wp-json\/wp\/v2\/users\/2"}],"replies":[{"embeddable":true,"href":"https:\/\/www.csipacific.ca\/fr\/wp-json\/wp\/v2\/comments?post=26498"}],"version-history":[{"count":4,"href":"https:\/\/www.csipacific.ca\/fr\/wp-json\/wp\/v2\/pages\/26498\/revisions"}],"predecessor-version":[{"id":26502,"href":"https:\/\/www.csipacific.ca\/fr\/wp-json\/wp\/v2\/pages\/26498\/revisions\/26502"}],"up":[{"embeddable":true,"href":"https:\/\/www.csipacific.ca\/fr\/wp-json\/wp\/v2\/pages\/26408"}],"wp:attachment":[{"href":"https:\/\/www.csipacific.ca\/fr\/wp-json\/wp\/v2\/media?parent=26498"}],"curies":[{"name":"wp","href":"https:\/\/api.w.org\/{rel}","templated":true}]}}