{"id":26402,"date":"2017-07-28T02:30:32","date_gmt":"2017-07-28T09:30:32","guid":{"rendered":"https:\/\/www.csipacific.ca\/?page_id=26402"},"modified":"2024-07-03T09:44:38","modified_gmt":"2024-07-03T16:44:38","slug":"biomecanique-et-analyse-de-la-performance","status":"publish","type":"page","link":"https:\/\/www.csipacific.ca\/fr\/nos-services\/biomecanique-et-analyse-de-la-performance\/","title":{"rendered":"Biom\u00e9canique et Analyse de la Performance"},"content":{"rendered":"\t\t<div data-elementor-type=\"wp-page\" data-elementor-id=\"26402\" class=\"elementor elementor-26402 elementor-9881\">\n\t\t\t\t\t\t<section class=\"elementor-section elementor-top-section elementor-element elementor-element-7bdd9d2a elementor-section-boxed elementor-section-height-default elementor-section-height-default\" data-id=\"7bdd9d2a\" data-element_type=\"section\" data-e-type=\"section\">\n\t\t\t\t\t\t<div class=\"elementor-container elementor-column-gap-default\">\n\t\t\t\t\t<div class=\"elementor-column elementor-col-100 elementor-top-column elementor-element elementor-element-173c9594\" data-id=\"173c9594\" data-element_type=\"column\" data-e-type=\"column\">\n\t\t\t<div class=\"elementor-widget-wrap elementor-element-populated\">\n\t\t\t\t\t\t<section class=\"elementor-section elementor-inner-section elementor-element elementor-element-838a947 elementor-reverse-mobile elementor-section-boxed elementor-section-height-default elementor-section-height-default\" data-id=\"838a947\" data-element_type=\"section\" data-e-type=\"section\">\n\t\t\t\t\t\t<div class=\"elementor-container elementor-column-gap-wider\">\n\t\t\t\t\t<div class=\"elementor-column elementor-col-50 elementor-inner-column elementor-element elementor-element-da49e0e\" data-id=\"da49e0e\" data-element_type=\"column\" data-e-type=\"column\">\n\t\t\t<div class=\"elementor-widget-wrap elementor-element-populated\">\n\t\t\t\t\t\t<div class=\"elementor-element elementor-element-4a7a80d elementor-widget elementor-widget-heading\" data-id=\"4a7a80d\" data-element_type=\"widget\" data-e-type=\"widget\" data-widget_type=\"heading.default\">\n\t\t\t\t<div class=\"elementor-widget-container\">\n\t\t\t\t\t<h2 class=\"elementor-heading-title elementor-size-default\">Am\u00e9liorer la Performance gr\u00e2ce \u00e0 des Informations Statistiques et Vid\u00e9o<\/h2>\t\t\t\t<\/div>\n\t\t\t\t<\/div>\n\t\t\t\t<div class=\"elementor-element elementor-element-bf8479a elementor-widget elementor-widget-text-editor\" data-id=\"bf8479a\" data-element_type=\"widget\" data-e-type=\"widget\" data-widget_type=\"text-editor.default\">\n\t\t\t\t<div class=\"elementor-widget-container\">\n\t\t\t\t\t\t\t\t\t<p>Une caract\u00e9ristique cl\u00e9 pour am\u00e9liorer la performance sportive est de fournir aux athl\u00e8tes des retours pr\u00e9cis bas\u00e9s sur une analyse syst\u00e9matique et objective. L&rsquo;\u00e9quipe d&rsquo;Analyse de la Performance de l&rsquo;Institut Canadien du Sport est un domaine de la science du sport qui aide le processus de coaching gr\u00e2ce \u00e0 la fourniture d&rsquo;informations statistiques et vid\u00e9o. Ils travaillent pour s&rsquo;assurer que l&rsquo;analyse est int\u00e9gr\u00e9e de mani\u00e8re efficace dans les programmes pour les \u00e9quipes et les athl\u00e8tes individuels. Cela est r\u00e9alis\u00e9 en travaillant en \u00e9troite collaboration avec les entra\u00eeneurs et les athl\u00e8tes, ainsi qu&rsquo;avec d&rsquo;autres sp\u00e9cialistes de la performance. La planification strat\u00e9gique dans le processus de coaching est essentielle pour que l&rsquo;Analyse de la Performance ait l&rsquo;impact d\u00e9sir\u00e9.<\/p>\t\t\t\t\t\t\t\t<\/div>\n\t\t\t\t<\/div>\n\t\t\t\t\t<\/div>\n\t\t<\/div>\n\t\t\t\t<div class=\"elementor-column elementor-col-50 elementor-inner-column elementor-element elementor-element-ffff244\" data-id=\"ffff244\" data-element_type=\"column\" data-e-type=\"column\">\n\t\t\t<div class=\"elementor-widget-wrap elementor-element-populated\">\n\t\t\t\t\t\t<div class=\"elementor-element elementor-element-33bad2e elementor-widget elementor-widget-image\" data-id=\"33bad2e\" data-element_type=\"widget\" data-e-type=\"widget\" data-widget_type=\"image.default\">\n\t\t\t\t<div class=\"elementor-widget-container\">\n\t\t\t\t\t\t\t\t\t\t\t\t\t\t\t<img fetchpriority=\"high\" decoding=\"async\" width=\"1200\" height=\"800\" src=\"https:\/\/www.csipacific.ca\/wp-content\/uploads\/2024\/05\/bpa-placeholder.jpg\" class=\"attachment-full size-full wp-image-21191\" alt=\"BPA\" srcset=\"https:\/\/www.csipacific.ca\/wp-content\/uploads\/2024\/05\/bpa-placeholder.jpg 1200w, https:\/\/www.csipacific.ca\/wp-content\/uploads\/2024\/05\/bpa-placeholder-300x200.jpg 300w, https:\/\/www.csipacific.ca\/wp-content\/uploads\/2024\/05\/bpa-placeholder-1024x683.jpg 1024w, https:\/\/www.csipacific.ca\/wp-content\/uploads\/2024\/05\/bpa-placeholder-768x512.jpg 768w, https:\/\/www.csipacific.ca\/wp-content\/uploads\/2024\/05\/bpa-placeholder-600x400.jpg 600w\" sizes=\"(max-width: 1200px) 100vw, 1200px\" \/>\t\t\t\t\t\t\t\t\t\t\t\t\t\t\t<\/div>\n\t\t\t\t<\/div>\n\t\t\t\t\t<\/div>\n\t\t<\/div>\n\t\t\t\t\t<\/div>\n\t\t<\/section>\n\t\t\t\t<div class=\"elementor-element elementor-element-531ed01 elementor-widget-divider--view-line_icon elementor-view-default elementor-widget-divider--element-align-center elementor-widget elementor-widget-divider\" data-id=\"531ed01\" data-element_type=\"widget\" data-e-type=\"widget\" data-widget_type=\"divider.default\">\n\t\t\t\t<div class=\"elementor-widget-container\">\n\t\t\t\t\t\t\t<div class=\"elementor-divider\">\n\t\t\t<span class=\"elementor-divider-separator\">\n\t\t\t\t\t\t\t<div class=\"elementor-icon elementor-divider__element\">\n\t\t\t\t\t<i aria-hidden=\"true\" class=\"fab fa-canadian-maple-leaf\"><\/i><\/div>\n\t\t\t\t\t\t<\/span>\n\t\t<\/div>\n\t\t\t\t\t\t<\/div>\n\t\t\t\t<\/div>\n\t\t\t\t<section class=\"elementor-section elementor-inner-section elementor-element elementor-element-30ee694 elementor-section-boxed elementor-section-height-default elementor-section-height-default\" data-id=\"30ee694\" data-element_type=\"section\" data-e-type=\"section\">\n\t\t\t\t\t\t<div class=\"elementor-container elementor-column-gap-wider\">\n\t\t\t\t\t<div class=\"elementor-column elementor-col-50 elementor-inner-column elementor-element elementor-element-92b2c1c\" data-id=\"92b2c1c\" data-element_type=\"column\" data-e-type=\"column\">\n\t\t\t<div class=\"elementor-widget-wrap elementor-element-populated\">\n\t\t\t\t\t\t<div class=\"elementor-element elementor-element-3e4c712 elementor-widget elementor-widget-heading\" data-id=\"3e4c712\" data-element_type=\"widget\" data-e-type=\"widget\" data-widget_type=\"heading.default\">\n\t\t\t\t<div class=\"elementor-widget-container\">\n\t\t\t\t\t<h3 class=\"elementor-heading-title elementor-size-default\">Fournir des Retours Pr\u00e9cis, Justes et Fiables<\/h3>\t\t\t\t<\/div>\n\t\t\t\t<\/div>\n\t\t\t\t<div class=\"elementor-element elementor-element-8ee4097 elementor-widget elementor-widget-text-editor\" data-id=\"8ee4097\" data-element_type=\"widget\" data-e-type=\"widget\" data-widget_type=\"text-editor.default\">\n\t\t\t\t<div class=\"elementor-widget-container\">\n\t\t\t\t\t\t\t\t\t<p>La biom\u00e9canique et l&rsquo;analyse de la performance est un terme large qui englobe plusieurs domaines d&rsquo;expertise, se concentrant sur la biom\u00e9canique, l&rsquo;analyse notative, et l&rsquo;utilisation de la technologie pour mesurer et \u00e9valuer le mouvement humain en relation avec la performance sportive.<\/p>\n<p>La biom\u00e9canique se concentre sur la m\u00e9canique du mouvement, y compris l&rsquo;ex\u00e9cution technique des comp\u00e9tences individuelles.<\/p>\n<p>L&rsquo;analyse notative ou analyse de la performance, identifie et analyse les sch\u00e9mas ou \u00e9v\u00e9nements critiques relatifs aux tactiques ou strat\u00e9gies employ\u00e9es en comp\u00e9tition et \u00e0 l&rsquo;entra\u00eenement.<\/p>\n<p>\u00c0 CSI Pacific, notre \u00e9quipe de Biom\u00e9canique et Analyse de la Performance offre des \u00e9valuations en laboratoire et sur le terrain pour fournir des aper\u00e7us bas\u00e9s sur des preuves aux questions ax\u00e9es sur la performance.<\/p>\n<p>Notre \u00e9quipe utilise une large gamme d&rsquo;outils et de technologies, y compris :<\/p>\n<ul>\n<li>des plateformes de force<\/li>\n<li>des unit\u00e9s GPS\/GNSS<br>des unit\u00e9s de mesure inertielle<\/li>\n<li>des ergom\u00e8tres<\/li>\n<li>des syst\u00e8mes de chronom\u00e9trage optique<\/li>\n<li>la capture de mouvement en 3D, et<\/li>\n<li>la vid\u00e9o<\/li>\n<\/ul>\t\t\t\t\t\t\t\t<\/div>\n\t\t\t\t<\/div>\n\t\t\t\t\t<\/div>\n\t\t<\/div>\n\t\t\t\t<div class=\"elementor-column elementor-col-50 elementor-inner-column elementor-element elementor-element-960cc72\" data-id=\"960cc72\" data-element_type=\"column\" data-e-type=\"column\">\n\t\t\t<div class=\"elementor-widget-wrap elementor-element-populated\">\n\t\t\t\t\t\t<div class=\"elementor-element elementor-element-17a6196 elementor-widget elementor-widget-heading\" data-id=\"17a6196\" data-element_type=\"widget\" data-e-type=\"widget\" data-widget_type=\"heading.default\">\n\t\t\t\t<div class=\"elementor-widget-container\">\n\t\t\t\t\t<h3 class=\"elementor-heading-title elementor-size-default\">Les services biom\u00e9caniques incluent :<\/h3>\t\t\t\t<\/div>\n\t\t\t\t<\/div>\n\t\t\t\t<div class=\"elementor-element elementor-element-0eaf55f elementor-widget elementor-widget-text-editor\" data-id=\"0eaf55f\" data-element_type=\"widget\" data-e-type=\"widget\" data-widget_type=\"text-editor.default\">\n\t\t\t\t<div class=\"elementor-widget-container\">\n\t\t\t\t\t\t\t\t\t<ul><li>Int\u00e9grer les technologies portables dans l&rsquo;environnement sportif<\/li><li>Fournir des \u00e9valuations qualitatives et quantitatives des sch\u00e9mas de mouvements ou des comp\u00e9tences par le biais de techniques pertinentes de capture de mouvement (analyse de la d\u00e9marche, \u00e9valuation technique sp\u00e9cifique au sport)<\/li><li>Effectuer la validation des technologies sportives en laboratoire et sur le terrain<\/li><\/ul>\t\t\t\t\t\t\t\t<\/div>\n\t\t\t\t<\/div>\n\t\t\t\t<div class=\"elementor-element elementor-element-5378bc7 elementor-widget elementor-widget-heading\" data-id=\"5378bc7\" data-element_type=\"widget\" data-e-type=\"widget\" data-widget_type=\"heading.default\">\n\t\t\t\t<div class=\"elementor-widget-container\">\n\t\t\t\t\t<h3 class=\"elementor-heading-title elementor-size-default\">Les services d'analyse de la performance (notative) incluent :<\/h3>\t\t\t\t<\/div>\n\t\t\t\t<\/div>\n\t\t\t\t<div class=\"elementor-element elementor-element-4bbe8e0 elementor-widget elementor-widget-text-editor\" data-id=\"4bbe8e0\" data-element_type=\"widget\" data-e-type=\"widget\" data-widget_type=\"text-editor.default\">\n\t\t\t\t<div class=\"elementor-widget-container\">\n\t\t\t\t\t\t\t\t\t<ul><li>Utiliser des logiciels de balisage \u00e0 la pointe de la technologie pour l&rsquo;analyse des entra\u00eenements et des comp\u00e9titions en \u00e9quipe<\/li><li>Utiliser des algorithmes personnalis\u00e9s pour l&rsquo;identification des \u00e9v\u00e9nements cl\u00e9s du sport et l&rsquo;extraction des m\u00e9triques<\/li><li>Effectuer des analyses statistiques inf\u00e9rentielles et des rapports sur les m\u00e9triques de performance cl\u00e9s<\/li><\/ul>\t\t\t\t\t\t\t\t<\/div>\n\t\t\t\t<\/div>\n\t\t\t\t\t<\/div>\n\t\t<\/div>\n\t\t\t\t\t<\/div>\n\t\t<\/section>\n\t\t\t\t\t<\/div>\n\t\t<\/div>\n\t\t\t\t\t<\/div>\n\t\t<\/section>\n\t\t\t\t<\/div>\n\t\t","protected":false},"excerpt":{"rendered":"<p>Am\u00e9liorer la Performance gr\u00e2ce \u00e0 des Informations Statistiques et Vid\u00e9o Une caract\u00e9ristique cl\u00e9 pour am\u00e9liorer la performance sportive est de fournir aux athl\u00e8tes des retours pr\u00e9cis bas\u00e9s sur une analyse syst\u00e9matique et objective. L&rsquo;\u00e9quipe d&rsquo;Analyse de la Performance de l&rsquo;Institut Canadien du Sport est un domaine de la science du sport qui aide le processus&hellip;<\/p>\n","protected":false},"author":2,"featured_media":0,"parent":26408,"menu_order":0,"comment_status":"closed","ping_status":"closed","template":"","meta":{"give_campaign_id":0,"footnotes":""},"class_list":["post-26402","page","type-page","status-publish","hentry"],"campaignId":"","_links":{"self":[{"href":"https:\/\/www.csipacific.ca\/fr\/wp-json\/wp\/v2\/pages\/26402","targetHints":{"allow":["GET"]}}],"collection":[{"href":"https:\/\/www.csipacific.ca\/fr\/wp-json\/wp\/v2\/pages"}],"about":[{"href":"https:\/\/www.csipacific.ca\/fr\/wp-json\/wp\/v2\/types\/page"}],"author":[{"embeddable":true,"href":"https:\/\/www.csipacific.ca\/fr\/wp-json\/wp\/v2\/users\/2"}],"replies":[{"embeddable":true,"href":"https:\/\/www.csipacific.ca\/fr\/wp-json\/wp\/v2\/comments?post=26402"}],"version-history":[{"count":11,"href":"https:\/\/www.csipacific.ca\/fr\/wp-json\/wp\/v2\/pages\/26402\/revisions"}],"predecessor-version":[{"id":26434,"href":"https:\/\/www.csipacific.ca\/fr\/wp-json\/wp\/v2\/pages\/26402\/revisions\/26434"}],"up":[{"embeddable":true,"href":"https:\/\/www.csipacific.ca\/fr\/wp-json\/wp\/v2\/pages\/26408"}],"wp:attachment":[{"href":"https:\/\/www.csipacific.ca\/fr\/wp-json\/wp\/v2\/media?parent=26402"}],"curies":[{"name":"wp","href":"https:\/\/api.w.org\/{rel}","templated":true}]}}